{"id":15564,"date":"2023-04-13T16:16:09","date_gmt":"2023-04-13T16:16:09","guid":{"rendered":"https:\/\/valdicecinaoutdoor.it\/?page_id=15564"},"modified":"2026-03-12T18:11:16","modified_gmt":"2026-03-12T17:11:16","slug":"activities","status":"publish","type":"page","link":"https:\/\/valdicecinaoutdoor.it\/en\/activities\/","title":{"rendered":"Activities"},"content":{"rendered":"<section class=\"l-section wpb_row height_medium wm-activity-page-banner-container\"><div class=\"l-section-h i-cf\"><div class=\"g-cols vc_row type_default valign_top\"><div class=\"vc_col-sm-12 wpb_column vc_column_container wm-activity-page-banner-row\"><div class=\"vc_column-inner us_custom_dd645f08\"><div class=\"wpb_wrapper\">[vc_custom_heading text=&#8221;Tours and active experiences&#8221; font_container=&#8221;tag:h1|text_align:left&#8221; google_fonts=&#8221;font_family:Rock%20Salt%3Aregular|font_style:400%20regular%3A400%3Anormal&#8221; css=&#8221;%7B%22default%22%3A%7B%22color%22%3A%22%23ffffff%22%2C%22font-size%22%3A%2242px%22%7D%7D&#8221; el_class=&#8221;wm-activity-page-banner-title&#8221;]<\/div><\/div><\/div><\/div><\/div><\/section><section class=\"l-section wpb_row height_medium\"><div class=\"l-section-h i-cf\"><div class=\"g-cols vc_row type_default valign_top\"><div class=\"vc_col-sm-12 wpb_column vc_column_container\"><div class=\"vc_column-inner\"><div class=\"wpb_wrapper\">[vc_custom_heading text=&#8221;Actively live the territory&#8221; font_container=&#8221;tag:h2|text_align:center&#8221; use_theme_fonts=&#8221;yes&#8221; css=&#8221;%7B%22default%22%3A%7B%22font-weight%22%3A%22600%22%2C%22font-size%22%3A%2230px%22%7D%7D&#8221;]<div class=\"wpb_text_column us_custom_0f566682 has_text_color\" ><div class=\"wpb_wrapper\"><p class=\"h2personalizzato\" style=\"text-align: center;\">Tours, sports and engaging experiences\u2026 a Tuscany to be experienced all year round!<\/p>\n<\/div><\/div><\/div><\/div><\/div><\/div><\/div><\/section><section class=\"l-section wpb_row us_custom_5cd26a65 height_medium\"><div class=\"l-section-h i-cf\"><div class=\"g-cols vc_row type_default valign_top\"><div class=\"vc_col-sm-4 wpb_column vc_column_container\"><div class=\"vc_column-inner\"><div class=\"wpb_wrapper\"><div class=\"w-image align_none\"><a title=\"open the webpage\" target=\"_blank\" href=\"https:\/\/volterratur.it\/evento\/?idevent=104274\" rel=\"noopener\" aria-label=\"Link\" class=\"w-image-h\"><img width=\"1024\" height=\"1024\" src=\"https:\/\/valdicecinaoutdoor.it\/wp-content\/uploads\/2026\/03\/attivita-outdoor-erbe.webp\" class=\"attachment-full size-full\" alt=\"\" loading=\"lazy\" srcset=\"https:\/\/valdicecinaoutdoor.it\/wp-content\/uploads\/2026\/03\/attivita-outdoor-erbe.webp 1024w, https:\/\/valdicecinaoutdoor.it\/wp-content\/uploads\/2026\/03\/attivita-outdoor-erbe-300x300.webp 300w, https:\/\/valdicecinaoutdoor.it\/wp-content\/uploads\/2026\/03\/attivita-outdoor-erbe-150x150.webp 150w\" sizes=\"(max-width: 1024px) 100vw, 1024px\" \/><\/a><\/div><div class=\"wpb_text_column\" ><div class=\"wpb_wrapper\"><h3 style=\"text-align: center;\"><a href=\"https:\/\/volterratur.it\/evento\/?idevent=104274\" rel=\"noopener\"><br \/>\nThe Land of Herbs<\/a><br \/>\nFree Excursion<\/h3>\n<p style=\"text-align: center;\"><strong>March 21 and 22, 2026<br \/>\nMontecatini Val di Cecina<\/strong><\/p>\n<p>Organized by the Volterra Tourist Consortium<\/p>\n<\/div><\/div><\/div><\/div><\/div><div class=\"vc_col-sm-4 wpb_column vc_column_container\"><div class=\"vc_column-inner\"><div class=\"wpb_wrapper\"><div class=\"w-image align_none\"><a title=\"open the webpage\" target=\"_blank\" href=\"https:\/\/volterratur.it\/evento\/?idevent=104301\" rel=\"noopener\" aria-label=\"Link\" class=\"w-image-h\"><img width=\"1024\" height=\"1024\" src=\"https:\/\/valdicecinaoutdoor.it\/wp-content\/uploads\/2026\/03\/attivita-outdoor-foresta-decimo.webp\" class=\"attachment-full size-full\" alt=\"\" loading=\"lazy\" srcset=\"https:\/\/valdicecinaoutdoor.it\/wp-content\/uploads\/2026\/03\/attivita-outdoor-foresta-decimo.webp 1024w, https:\/\/valdicecinaoutdoor.it\/wp-content\/uploads\/2026\/03\/attivita-outdoor-foresta-decimo-300x300.webp 300w, https:\/\/valdicecinaoutdoor.it\/wp-content\/uploads\/2026\/03\/attivita-outdoor-foresta-decimo-150x150.webp 150w\" sizes=\"(max-width: 1024px) 100vw, 1024px\" \/><\/a><\/div><div class=\"wpb_text_column\" ><div class=\"wpb_wrapper\"><h3 style=\"text-align: center;\"><a href=\"https:\/\/volterratur.it\/evento\/?idevent=104301\" target=\"_blank\" rel=\"noopener\"><br \/>\nThe Decimo Forest<\/a><br \/>\nFree Excursion<\/h3>\n<p style=\"text-align: center;\"><strong>April 12, 2026<br \/>\nMeeting point at Casino di Terra<\/strong><\/p>\n<p>Organized by the Volterra Tourist Consortium<\/p>\n<\/div><\/div><\/div><\/div><\/div><div class=\"vc_col-sm-4 wpb_column vc_column_container\"><div class=\"vc_column-inner\"><div class=\"wpb_wrapper\"><div class=\"w-image align_none\"><a title=\"visit the webpage\" target=\"_blank\" href=\"https:\/\/volterratur.it\/evento\/?idevent=104310\" rel=\"noopener\" aria-label=\"Link\" class=\"w-image-h\"><img width=\"1024\" height=\"1024\" src=\"https:\/\/valdicecinaoutdoor.it\/wp-content\/uploads\/2026\/03\/attivita-outdoor-foreste-sassa.webp\" class=\"attachment-full size-full\" alt=\"\" loading=\"lazy\" srcset=\"https:\/\/valdicecinaoutdoor.it\/wp-content\/uploads\/2026\/03\/attivita-outdoor-foreste-sassa.webp 1024w, https:\/\/valdicecinaoutdoor.it\/wp-content\/uploads\/2026\/03\/attivita-outdoor-foreste-sassa-300x300.webp 300w, https:\/\/valdicecinaoutdoor.it\/wp-content\/uploads\/2026\/03\/attivita-outdoor-foreste-sassa-150x150.webp 150w\" sizes=\"(max-width: 1024px) 100vw, 1024px\" \/><\/a><\/div><div class=\"wpb_text_column\" ><div class=\"wpb_wrapper\"><h3 style=\"text-align: center;\"><a href=\"https:\/\/volterratur.it\/evento\/?idevent=104310\" rel=\"noopener\"><br \/>\nThe Sassa Forests<\/a><br \/>\nFree Excursion<\/h3>\n<p style=\"text-align: center;\"><strong>April 18, 2026<\/strong><\/p>\n<p>Organized by the Volterra Tourist Consortium<\/p>\n<\/div><\/div><\/div><\/div><\/div><\/div><\/div><\/section><section class=\"l-section wpb_row us_custom_5cd26a65 height_medium\"><div class=\"l-section-h i-cf\"><div class=\"g-cols vc_row type_default valign_top\"><div class=\"vc_col-sm-4 wpb_column vc_column_container\"><div class=\"vc_column-inner\"><div class=\"wpb_wrapper\"><div class=\"w-image align_none\"><a title=\"Activities with Amiata donkey\" target=\"_blank\" href=\"\/wp-content\/uploads\/2025\/03\/brochure_attivita_con_asini.pdf\" rel=\"noopener\" aria-label=\"Link\" class=\"w-image-h\"><img width=\"1024\" height=\"1024\" src=\"https:\/\/valdicecinaoutdoor.it\/wp-content\/uploads\/2025\/03\/box-attivita-con-asini.jpg\" class=\"attachment-full size-full\" alt=\"\" loading=\"lazy\" srcset=\"https:\/\/valdicecinaoutdoor.it\/wp-content\/uploads\/2025\/03\/box-attivita-con-asini.jpg 1024w, https:\/\/valdicecinaoutdoor.it\/wp-content\/uploads\/2025\/03\/box-attivita-con-asini-300x300.jpg 300w, https:\/\/valdicecinaoutdoor.it\/wp-content\/uploads\/2025\/03\/box-attivita-con-asini-150x150.jpg 150w\" sizes=\"(max-width: 1024px) 100vw, 1024px\" \/><\/a><\/div><div class=\"wpb_text_column\" ><div class=\"wpb_wrapper\"><h3 style=\"text-align: center;\"><a href=\"\/wp-content\/uploads\/2025\/03\/brochure_attivita_con_asini.pdf\" rel=\"noopener\"><br \/>\nActivities with Amiata donkeys<\/a><\/h3>\n<p style=\"text-align: center;\"><strong>Annual activity<\/strong><br \/>\nSanta Barbara Equestrian Center<br \/>\nPomarance<\/p>\n<\/div><\/div><\/div><\/div><\/div><div class=\"vc_col-sm-4 wpb_column vc_column_container\"><div class=\"vc_column-inner\"><div class=\"wpb_wrapper\"><div class=\"w-image align_none\"><a title=\"Visit the webpage\" target=\"_blank\" href=\"https:\/\/volterratur.it\/evento\/?idevent=104292\" rel=\"noopener\" aria-label=\"Link\" class=\"w-image-h\"><img width=\"1024\" height=\"1024\" src=\"https:\/\/valdicecinaoutdoor.it\/wp-content\/uploads\/2026\/03\/attivita-outdoor-montecatini-trekking.webp\" class=\"attachment-full size-full\" alt=\"\" loading=\"lazy\" srcset=\"https:\/\/valdicecinaoutdoor.it\/wp-content\/uploads\/2026\/03\/attivita-outdoor-montecatini-trekking.webp 1024w, https:\/\/valdicecinaoutdoor.it\/wp-content\/uploads\/2026\/03\/attivita-outdoor-montecatini-trekking-300x300.webp 300w, https:\/\/valdicecinaoutdoor.it\/wp-content\/uploads\/2026\/03\/attivita-outdoor-montecatini-trekking-150x150.webp 150w\" sizes=\"(max-width: 1024px) 100vw, 1024px\" \/><\/a><\/div><div class=\"wpb_text_column\" ><div class=\"wpb_wrapper\"><h3 style=\"text-align: center;\"><a href=\"https:\/\/volterratur.it\/evento\/?idevent=104292\" target=\"_blank\" rel=\"noopener\"><br \/>\nEmbrace between Montecatini and Volterra<\/a><br \/>\nFree Excursion<\/h3>\n<p style=\"text-align: center;\"><strong>April 11, 2026<br \/>\nMeeting point at Montecatini Val di Cecina<\/strong><\/p>\n<p>Organized by the Volterra Tourist Consortium<\/p>\n<\/div><\/div><\/div><\/div><\/div><div class=\"vc_col-sm-4 wpb_column vc_column_container\"><div class=\"vc_column-inner\"><div class=\"wpb_wrapper\"><div class=\"w-image align_none\"><a title=\"Visit the webpage\" target=\"_blank\" href=\"https:\/\/volterratur.it\/evento\/?idevent=104319\" rel=\"noopener\" aria-label=\"Link\" class=\"w-image-h\"><img width=\"1024\" height=\"1024\" src=\"https:\/\/valdicecinaoutdoor.it\/wp-content\/uploads\/2026\/03\/attivita-outdoor-montecatini-e-le-sue-terre.webp\" class=\"attachment-full size-full\" alt=\"\" loading=\"lazy\" srcset=\"https:\/\/valdicecinaoutdoor.it\/wp-content\/uploads\/2026\/03\/attivita-outdoor-montecatini-e-le-sue-terre.webp 1024w, https:\/\/valdicecinaoutdoor.it\/wp-content\/uploads\/2026\/03\/attivita-outdoor-montecatini-e-le-sue-terre-300x300.webp 300w, https:\/\/valdicecinaoutdoor.it\/wp-content\/uploads\/2026\/03\/attivita-outdoor-montecatini-e-le-sue-terre-150x150.webp 150w\" sizes=\"(max-width: 1024px) 100vw, 1024px\" \/><\/a><\/div><div class=\"wpb_text_column\" ><div class=\"wpb_wrapper\"><h3 style=\"text-align: center;\"><a href=\"https:\/\/volterratur.it\/evento\/?idevent=104319\" rel=\"noopener\"><br \/>\nMontecatini and its Lands<\/a><br \/>\nFree Excursion<\/h3>\n<p style=\"text-align: center;\"><strong>April 19, 2026<br \/>\n<\/strong><br \/>\nMeeting point at the entrance Caporciano Mine \u2013 Montecatini<\/p>\n<p>Organized by the Volterra Tourist Consortium<\/p>\n<\/div><\/div><\/div><\/div><\/div><\/div><\/div><\/section><section class=\"l-section wpb_row us_custom_0db20381 height_medium\"><div class=\"l-section-h i-cf\"><div class=\"g-cols vc_row type_default valign_top\"><div class=\"vc_col-sm-12 wpb_column vc_column_container\"><div class=\"vc_column-inner\"><div class=\"wpb_wrapper\"><div class=\"wpb_text_column\" ><div class=\"wpb_wrapper\"><p style=\"text-align: center;\">Presso l&#8217;Ufficio Turistico di Pomarance, sono disponibili al noleggio diversi modelli di <strong>E-BIKE<\/strong><br \/>\n<strong>ORARIO NOLEGGIO<\/strong>:<br \/>\nluned\u00ec-marted\u00ec-gioved\u00ec: 9:00-12:00<br \/>\nmercoled\u00ec-venerd\u00ec-sabato-domenica: 9:00-12:00 \/ 16:00-19:00.<\/p>\n<p style=\"text-align: center;\"><strong>Per info e prenotazioni<\/strong><br \/>\nUfficioTuristico di Pomarance<br \/>\n<a href=\"mailto:ufficioturistico@comune.pomarance.pi.it\">ufficioturistico@comune.pomarance.pi.it<\/a><br \/>\n<a href=\"tel:0039058862089\">+39 0588 62089<\/a><\/p>\n<\/div><\/div><\/div><\/div><\/div><\/div><\/div><\/section>\n","protected":false},"excerpt":{"rendered":"[vc_custom_heading text=\"Tours and active experiences\" font_container=\"tag:h1|text_align:left\" google_fonts=\"font_family:Rock%20Salt%3Aregular|font_style:400%20regular%3A400%3Anormal\" css=\"%7B%22default%22%3A%7B%22color%22%3A%22%23ffffff%22%2C%22font-size%22%3A%2242px%22%7D%7D\" el_class=\"wm-activity-page-banner-title\"][vc_custom_heading text=\"Actively live the territory\" font_container=\"tag:h2|text_align:center\" use_theme_fonts=\"yes\" css=\"%7B%22default%22%3A%7B%22font-weight%22%3A%22600%22%2C%22font-size%22%3A%2230px%22%7D%7D\"]Tours, sports and engaging experiences\u2026 a Tuscany to be experienced all year round! The Land of Herbs Free Excursion March 21 and 22, 2026 Montecatini Val di Cecina Organized by the Volterra Tourist Consortium The Decimo Forest Free Excursion April...","protected":false},"author":8,"featured_media":15578,"parent":0,"menu_order":0,"comment_status":"closed","ping_status":"closed","template":"","meta":[],"yoast_head":"<!-- This site is optimized with the Yoast SEO plugin v18.2 - https:\/\/yoast.com\/wordpress\/plugins\/seo\/ -->\n<title>Activities in Valdicecina | Valdicecina Outdoor<\/title>\n<meta name=\"description\" content=\"Tours, sports and engaging experiences... a Tuscany to be experienced, to tour, to get to know with friends and family.\" \/>\n<meta name=\"robots\" content=\"index, follow, max-snippet:-1, max-image-preview:large, max-video-preview:-1\" \/>\n<link rel=\"canonical\" href=\"https:\/\/valdicecinaoutdoor.it\/en\/activities\/\" \/>\n<meta property=\"og:locale\" content=\"en_US\" \/>\n<meta property=\"og:type\" content=\"article\" \/>\n<meta property=\"og:title\" content=\"Activities in Valdicecina | Valdicecina Outdoor\" \/>\n<meta property=\"og:description\" content=\"Tours, sports and engaging experiences... a Tuscany to be experienced, to tour, to get to know with friends and family.\" \/>\n<meta property=\"og:url\" content=\"https:\/\/valdicecinaoutdoor.it\/en\/activities\/\" \/>\n<meta property=\"og:site_name\" content=\"Val di Cecina outdoor\" \/>\n<meta property=\"article:publisher\" content=\"https:\/\/m.facebook.com\/valdicecinaoutdoor\/\" \/>\n<meta property=\"article:modified_time\" content=\"2026-03-12T17:11:16+00:00\" \/>\n<meta property=\"og:image\" content=\"https:\/\/valdicecinaoutdoor.it\/wp-content\/uploads\/2020\/09\/Sfilata-delle-Contrade-storiche-del-Palio-di-Pomarance-2-1024x780.jpg\" \/>\n<meta name=\"twitter:card\" content=\"summary_large_image\" \/>\n<meta name=\"twitter:title\" content=\"Activities in Valdicecina | Valdicecina Outdoor\" \/>\n<meta name=\"twitter:description\" content=\"Tours, sports and engaging experiences... a Tuscany to be experienced, to tour, to get to know with friends and family.\" \/>\n<meta name=\"twitter:image\" content=\"https:\/\/valdicecinaoutdoor.it\/wp-content\/uploads\/2020\/09\/Sfilata-delle-Contrade-storiche-del-Palio-di-Pomarance-2.jpg\" \/>\n<meta name=\"twitter:label1\" content=\"Est. reading time\" \/>\n\t<meta name=\"twitter:data1\" content=\"2 minutes\" \/>\n<script type=\"application\/ld+json\" class=\"yoast-schema-graph\">{\"@context\":\"https:\/\/schema.org\",\"@graph\":[{\"@type\":\"Organization\",\"@id\":\"https:\/\/valdicecinaoutdoor.it\/en\/#organization\",\"name\":\"Valdicecina Outdoor\",\"url\":\"https:\/\/valdicecinaoutdoor.it\/en\/\",\"sameAs\":[\"https:\/\/m.facebook.com\/valdicecinaoutdoor\/\",\"https:\/\/www.instagram.com\/valdicecina_outdoor\/\"],\"logo\":{\"@type\":\"ImageObject\",\"@id\":\"https:\/\/valdicecinaoutdoor.it\/en\/#logo\",\"inLanguage\":\"en-US\",\"url\":\"https:\/\/valdicecinaoutdoor.it\/wp-content\/uploads\/2020\/09\/valdicecinaoutdoor-logo-home.png\",\"contentUrl\":\"https:\/\/valdicecinaoutdoor.it\/wp-content\/uploads\/2020\/09\/valdicecinaoutdoor-logo-home.png\",\"width\":252,\"height\":311,\"caption\":\"Valdicecina Outdoor\"},\"image\":{\"@id\":\"https:\/\/valdicecinaoutdoor.it\/en\/#logo\"}},{\"@type\":\"WebSite\",\"@id\":\"https:\/\/valdicecinaoutdoor.it\/en\/#website\",\"url\":\"https:\/\/valdicecinaoutdoor.it\/en\/\",\"name\":\"Val di Cecina outdoor\",\"description\":\"Itinerari unici nella Toscana\",\"publisher\":{\"@id\":\"https:\/\/valdicecinaoutdoor.it\/en\/#organization\"},\"potentialAction\":[{\"@type\":\"SearchAction\",\"target\":{\"@type\":\"EntryPoint\",\"urlTemplate\":\"https:\/\/valdicecinaoutdoor.it\/en\/?s={search_term_string}\"},\"query-input\":\"required name=search_term_string\"}],\"inLanguage\":\"en-US\"},{\"@type\":\"ImageObject\",\"@id\":\"https:\/\/valdicecinaoutdoor.it\/en\/activities\/#primaryimage\",\"inLanguage\":\"en-US\",\"url\":\"\",\"contentUrl\":\"\"},{\"@type\":\"WebPage\",\"@id\":\"https:\/\/valdicecinaoutdoor.it\/en\/activities\/#webpage\",\"url\":\"https:\/\/valdicecinaoutdoor.it\/en\/activities\/\",\"name\":\"Activities in Valdicecina | Valdicecina Outdoor\",\"isPartOf\":{\"@id\":\"https:\/\/valdicecinaoutdoor.it\/en\/#website\"},\"primaryImageOfPage\":{\"@id\":\"https:\/\/valdicecinaoutdoor.it\/en\/activities\/#primaryimage\"},\"datePublished\":\"2023-04-13T16:16:09+00:00\",\"dateModified\":\"2026-03-12T17:11:16+00:00\",\"description\":\"Tours, sports and engaging experiences... a Tuscany to be experienced, to tour, to get to know with friends and family.\",\"breadcrumb\":{\"@id\":\"https:\/\/valdicecinaoutdoor.it\/en\/activities\/#breadcrumb\"},\"inLanguage\":\"en-US\",\"potentialAction\":[{\"@type\":\"ReadAction\",\"target\":[\"https:\/\/valdicecinaoutdoor.it\/en\/activities\/\"]}]},{\"@type\":\"BreadcrumbList\",\"@id\":\"https:\/\/valdicecinaoutdoor.it\/en\/activities\/#breadcrumb\",\"itemListElement\":[{\"@type\":\"ListItem\",\"position\":1,\"name\":\"Home\",\"item\":\"https:\/\/valdicecinaoutdoor.it\/en\/\"},{\"@type\":\"ListItem\",\"position\":2,\"name\":\"Activities\"}]}]}<\/script>\n<!-- \/ Yoast SEO plugin. -->","yoast_head_json":{"title":"Activities in Valdicecina | Valdicecina Outdoor","description":"Tours, sports and engaging experiences... a Tuscany to be experienced, to tour, to get to know with friends and family.","robots":{"index":"index","follow":"follow","max-snippet":"max-snippet:-1","max-image-preview":"max-image-preview:large","max-video-preview":"max-video-preview:-1"},"canonical":"https:\/\/valdicecinaoutdoor.it\/en\/activities\/","og_locale":"en_US","og_type":"article","og_title":"Activities in Valdicecina | Valdicecina Outdoor","og_description":"Tours, sports and engaging experiences... a Tuscany to be experienced, to tour, to get to know with friends and family.","og_url":"https:\/\/valdicecinaoutdoor.it\/en\/activities\/","og_site_name":"Val di Cecina outdoor","article_publisher":"https:\/\/m.facebook.com\/valdicecinaoutdoor\/","article_modified_time":"2026-03-12T17:11:16+00:00","og_image":[{"url":"https:\/\/valdicecinaoutdoor.it\/wp-content\/uploads\/2020\/09\/Sfilata-delle-Contrade-storiche-del-Palio-di-Pomarance-2-1024x780.jpg"}],"twitter_card":"summary_large_image","twitter_title":"Activities in Valdicecina | Valdicecina Outdoor","twitter_description":"Tours, sports and engaging experiences... a Tuscany to be experienced, to tour, to get to know with friends and family.","twitter_image":"https:\/\/valdicecinaoutdoor.it\/wp-content\/uploads\/2020\/09\/Sfilata-delle-Contrade-storiche-del-Palio-di-Pomarance-2.jpg","twitter_misc":{"Est. reading time":"2 minutes"},"schema":{"@context":"https:\/\/schema.org","@graph":[{"@type":"Organization","@id":"https:\/\/valdicecinaoutdoor.it\/en\/#organization","name":"Valdicecina Outdoor","url":"https:\/\/valdicecinaoutdoor.it\/en\/","sameAs":["https:\/\/m.facebook.com\/valdicecinaoutdoor\/","https:\/\/www.instagram.com\/valdicecina_outdoor\/"],"logo":{"@type":"ImageObject","@id":"https:\/\/valdicecinaoutdoor.it\/en\/#logo","inLanguage":"en-US","url":"https:\/\/valdicecinaoutdoor.it\/wp-content\/uploads\/2020\/09\/valdicecinaoutdoor-logo-home.png","contentUrl":"https:\/\/valdicecinaoutdoor.it\/wp-content\/uploads\/2020\/09\/valdicecinaoutdoor-logo-home.png","width":252,"height":311,"caption":"Valdicecina Outdoor"},"image":{"@id":"https:\/\/valdicecinaoutdoor.it\/en\/#logo"}},{"@type":"WebSite","@id":"https:\/\/valdicecinaoutdoor.it\/en\/#website","url":"https:\/\/valdicecinaoutdoor.it\/en\/","name":"Val di Cecina outdoor","description":"Itinerari unici nella Toscana","publisher":{"@id":"https:\/\/valdicecinaoutdoor.it\/en\/#organization"},"potentialAction":[{"@type":"SearchAction","target":{"@type":"EntryPoint","urlTemplate":"https:\/\/valdicecinaoutdoor.it\/en\/?s={search_term_string}"},"query-input":"required name=search_term_string"}],"inLanguage":"en-US"},{"@type":"ImageObject","@id":"https:\/\/valdicecinaoutdoor.it\/en\/activities\/#primaryimage","inLanguage":"en-US","url":"","contentUrl":""},{"@type":"WebPage","@id":"https:\/\/valdicecinaoutdoor.it\/en\/activities\/#webpage","url":"https:\/\/valdicecinaoutdoor.it\/en\/activities\/","name":"Activities in Valdicecina | Valdicecina Outdoor","isPartOf":{"@id":"https:\/\/valdicecinaoutdoor.it\/en\/#website"},"primaryImageOfPage":{"@id":"https:\/\/valdicecinaoutdoor.it\/en\/activities\/#primaryimage"},"datePublished":"2023-04-13T16:16:09+00:00","dateModified":"2026-03-12T17:11:16+00:00","description":"Tours, sports and engaging experiences... a Tuscany to be experienced, to tour, to get to know with friends and family.","breadcrumb":{"@id":"https:\/\/valdicecinaoutdoor.it\/en\/activities\/#breadcrumb"},"inLanguage":"en-US","potentialAction":[{"@type":"ReadAction","target":["https:\/\/valdicecinaoutdoor.it\/en\/activities\/"]}]},{"@type":"BreadcrumbList","@id":"https:\/\/valdicecinaoutdoor.it\/en\/activities\/#breadcrumb","itemListElement":[{"@type":"ListItem","position":1,"name":"Home","item":"https:\/\/valdicecinaoutdoor.it\/en\/"},{"@type":"ListItem","position":2,"name":"Activities"}]}]}},"menu_color":"","menu_icon":"","acf":[],"wpml_current_locale":"en_US","wpml_translations":[{"locale":"it_IT","id":15562,"post_title":"Attivit\u00e0","href":"https:\/\/valdicecinaoutdoor.it\/attivita\/"},{"locale":"de_DE","id":15563,"post_title":"Aktivit\u00e4t","href":"https:\/\/valdicecinaoutdoor.it\/de\/aktivitaet\/"}],"_links":{"self":[{"href":"https:\/\/valdicecinaoutdoor.it\/en\/wp-json\/wp\/v2\/pages\/15564"}],"collection":[{"href":"https:\/\/valdicecinaoutdoor.it\/en\/wp-json\/wp\/v2\/pages"}],"about":[{"href":"https:\/\/valdicecinaoutdoor.it\/en\/wp-json\/wp\/v2\/types\/page"}],"author":[{"embeddable":true,"href":"https:\/\/valdicecinaoutdoor.it\/en\/wp-json\/wp\/v2\/users\/8"}],"replies":[{"embeddable":true,"href":"https:\/\/valdicecinaoutdoor.it\/en\/wp-json\/wp\/v2\/comments?post=15564"}],"version-history":[{"count":51,"href":"https:\/\/valdicecinaoutdoor.it\/en\/wp-json\/wp\/v2\/pages\/15564\/revisions"}],"predecessor-version":[{"id":17699,"href":"https:\/\/valdicecinaoutdoor.it\/en\/wp-json\/wp\/v2\/pages\/15564\/revisions\/17699"}],"wp:featuredmedia":[{"embeddable":true,"href":"https:\/\/valdicecinaoutdoor.it\/en\/wp-json\/wp\/v2\/media\/15578"}],"wp:attachment":[{"href":"https:\/\/valdicecinaoutdoor.it\/en\/wp-json\/wp\/v2\/media?parent=15564"}],"curies":[{"name":"wp","href":"https:\/\/api.w.org\/{rel}","templated":true}]}}