{"id":17728,"date":"2026-03-25T17:48:42","date_gmt":"2026-03-25T16:48:42","guid":{"rendered":"https:\/\/valdicecinaoutdoor.it\/?page_id=17728"},"modified":"2026-03-31T10:09:18","modified_gmt":"2026-03-31T08:09:18","slug":"vorschlage","status":"publish","type":"page","link":"https:\/\/valdicecinaoutdoor.it\/de\/vorschlage\/","title":{"rendered":"Vorschlage"},"content":{"rendered":"<section class=\"l-section wpb_row height_medium wm-activity-page-banner-container\"><div class=\"l-section-h i-cf\"><div class=\"g-cols vc_row type_default valign_top\"><div class=\"vc_col-sm-12 wpb_column vc_column_container wm-activity-page-banner-row\"><div class=\"vc_column-inner us_custom_dd645f08\"><div class=\"wpb_wrapper\">[vc_custom_heading text=&#8221;&#8221; font_container=&#8221;tag:h1|text_align:left&#8221; google_fonts=&#8221;font_family:Rock%20Salt%3Aregular|font_style:400%20regular%3A400%3Anormal&#8221; css=&#8221;%7B%22default%22%3A%7B%22color%22%3A%22%23ffffff%22%2C%22font-size%22%3A%2242px%22%7D%7D&#8221; el_class=&#8221;wm-activity-page-banner-title&#8221;]<\/div><\/div><\/div><\/div><\/div><\/section><section class=\"l-section wpb_row height_medium\"><div class=\"l-section-h i-cf\"><div class=\"g-cols vc_row type_default valign_top\"><div class=\"vc_col-sm-12 wpb_column vc_column_container\"><div class=\"vc_column-inner\"><div class=\"wpb_wrapper\"><div class=\"wpb_text_column\" ><div class=\"wpb_wrapper\"><h2 style=\"text-align: center;\"><b>NATURSCHUTZGEBIETE DER OBEREN VAL DI CECINA<\/b><\/h2>\n<\/div><\/div><div class=\"w-separator size_medium\"><\/div><div class=\"wpb_text_column\" ><div class=\"wpb_wrapper\"><h2><b>Beherbergungsstrukturen<\/b><\/h2>\n<p><span style=\"font-weight: 400;\">Ein Gro\u00dfteil der Fl\u00e4chen innerhalb der Naturschutzgebiete geh\u00f6rt der Region Toskana und wird von der Unione Montana Alta Val di Cecina verwaltet..<br \/>\nInnerhalb der Schutzgebiete befinden sich drei historisch und architektonisch bedeutende Geb\u00e4ude, die in den unten aufgef\u00fchrten Forstkomplexen liegen.<\/span><\/p>\n<p>Die Strukturen bieten Unterkunft und verschiedene Dienstleistungen, um eine bewusste und nachhaltige Nutzung des Schutzgebietes sowie des gesamten Territoriums der Val di Cecina zu erm\u00f6glichen. Besucher k\u00f6nnen hier ein einzigartiges Naturerlebnis in einer landschaftlich au\u00dfergew\u00f6hnlich reizvollen Umgebung genie\u00dfen.<\/p>\n<\/div><\/div><div class=\"wpb_text_column\" ><div class=\"wpb_wrapper\"><h2><b>Lage<\/b><\/h2>\n<p><strong>NATURSCHUTZGEBIET MONTERUFOLI\u2013CASELLI<\/strong><br \/>\nForstkomplex Monterufoli \u2013 <a href=\"https:\/\/maps.app.goo.gl\/fgud3jBGwjcAF5Cs7\" target=\"_blank\" rel=\"noopener\">Villa di Monterufoli<\/a> (Gemeinde Pomarance)<br \/>\nForstkomplex Caselli \u2013 <a href=\"https:\/\/maps.app.goo.gl\/gvsZSKnXv8Ks7Ntp9\" target=\"_blank\" rel=\"noopener\">Fattoria di Caselli<\/a> (Gemeinde Monteverdi Marittimo)<\/p>\n<p><b>RISERVA NATURALE DI BERIGNONE<br \/>\n<\/b>Complesso Forestale di Berignone \u2013 <a href=\"https:\/\/maps.app.goo.gl\/iN2Pv3WzAuVKt9NJ6\" target=\"_blank\" rel=\"noopener\">Pod. Il Pino<\/a> (Comune di Volterra)<\/p>\n<\/div><\/div><div class=\"w-separator size_large\"><\/div><div class=\"g-cols wpb_row  type_default valign_top vc_inner\"><div class=\"vc_col-sm-6 wpb_column vc_column_container\"><div class=\"vc_column-inner\"><div class=\"wpb_wrapper\"><div class=\"wpb_text_column\" ><div class=\"wpb_wrapper\"><h2><b>Informationen<\/b><\/h2>\n<h3><strong>Villa di Monterufoli<\/strong><\/h3>\n<p>Die als \u201eVilla mit 100 Zimmern\u201c bekannte Anlage entstand aus den Resten einer l\u00e4ndlichen Burg und wurde sp\u00e4ter zu einer herrschaftlichen Residenz, einem Gutshof und Jagdsitz bedeutender Familien, zun\u00e4chst der Maffei und sp\u00e4ter der Della Gherardesca.<\/p>\n<p>Nach umfangreichen Renovierungsarbeiten durch die Unione Montana Alta Val di Cecina verf\u00fcgt das Geb\u00e4ude heute \u00fcber 52 Schlafpl\u00e4tze sowie \u00fcber ein Restaurant, Unterrichtsr\u00e4ume, didaktische Labore und Ausstellungsbereiche.<\/p>\n<p>Die Anlage eignet sich f\u00fcr Schulgruppen, Wanderer, Forschungsgruppen und Workshops, die die Natur und Umwelt der Val di Cecina kennenlernen und vertiefen m\u00f6chten.<\/p>\n<p><strong>Derzeit befindet sich der Konzessionsvertrag f\u00fcr die zuk\u00fcnftige Bewirtschaftung in der finalen Vergabephase.<\/strong><\/p>\n<\/div><\/div><\/div><\/div><\/div><div class=\"vc_col-sm-6 wpb_column vc_column_container\"><div class=\"vc_column-inner\"><div class=\"wpb_wrapper\"><div class=\"w-image align_center\"><div class=\"w-image-h\"><img width=\"605\" height=\"429\" src=\"https:\/\/valdicecinaoutdoor.it\/wp-content\/uploads\/2026\/03\/Villa_Monterufoli-01.png\" class=\"attachment-large size-large\" alt=\"\" loading=\"lazy\" srcset=\"https:\/\/valdicecinaoutdoor.it\/wp-content\/uploads\/2026\/03\/Villa_Monterufoli-01.png 605w, https:\/\/valdicecinaoutdoor.it\/wp-content\/uploads\/2026\/03\/Villa_Monterufoli-01-300x213.png 300w\" sizes=\"(max-width: 605px) 100vw, 605px\" \/><\/div><\/div><\/div><\/div><\/div><\/div><div class=\"w-separator size_large\"><\/div><div class=\"g-cols wpb_row  type_default valign_top vc_inner\"><div class=\"vc_col-sm-6 wpb_column vc_column_container\"><div class=\"vc_column-inner\"><div class=\"wpb_wrapper\"><div class=\"w-image align_center\"><div class=\"w-image-h\"><img width=\"793\" height=\"507\" src=\"https:\/\/valdicecinaoutdoor.it\/wp-content\/uploads\/2026\/03\/Fattoria_di_Caselli-02.png\" class=\"attachment-large size-large\" alt=\"\" loading=\"lazy\" srcset=\"https:\/\/valdicecinaoutdoor.it\/wp-content\/uploads\/2026\/03\/Fattoria_di_Caselli-02.png 793w, https:\/\/valdicecinaoutdoor.it\/wp-content\/uploads\/2026\/03\/Fattoria_di_Caselli-02-300x192.png 300w\" sizes=\"(max-width: 793px) 100vw, 793px\" \/><\/div><\/div><\/div><\/div><\/div><div class=\"vc_col-sm-6 wpb_column vc_column_container\"><div class=\"vc_column-inner\"><div class=\"wpb_wrapper\"><div class=\"wpb_text_column\" ><div class=\"wpb_wrapper\"><h3><strong>Fattoria di Caselli<\/strong><\/h3>\n<p>Die Anlage \u00fcberblickt das Gebiet des historischen Lehens Caselli, das bereits im fr\u00fchen Mittelalter bekannt war und einst der Familie Della Gherardesca geh\u00f6rte.<\/p>\n<p>Heute pr\u00e4sentiert sich die Fattoria als multifunktionales Zentrum f\u00fcr Gastfreundschaft.<br \/>\nDas Hauptgeb\u00e4ude (Castelletto) ist in Apartments gegliedert, w\u00e4hrend sich im Erdgeschoss Empfangs- und Repr\u00e4sentationsr\u00e4ume befinden.<br \/>\nEin Nebengeb\u00e4ude umfasst Servicebereiche sowie R\u00e4ume f\u00fcr B\u00fcros, Unterricht und Konferenzen.<br \/>\nEin weiteres Geb\u00e4ude beherbergt das Besucherzentrum des Naturschutzgebietes, ein didaktisches Labor und Unterk\u00fcnfte f\u00fcr Wanderer und Gruppen.<\/p>\n<p>Seit 2025 wird die Fattoria di Caselli zusammen mit angrenzenden Fl\u00e4chen von der <strong>ASSOCIAZIONE ARMONIA<\/strong> verwaltet, die Bildungsangebote, Veranstaltungen sowie \u00dcbernachtungs- und Verpflegungsm\u00f6glichkeiten organisiert.<\/p>\n<p><a href=\"https:\/\/www.associazionearmonia.it\/\"><b>ASSOCIAZIONE ARMONIA<\/b><\/a><br \/>\nWhatsapp <a href=\"tel:0039\u00a0351 6811189\">+39\u00a0351 6811189<\/a><br \/>\nEmail <a href=\"mailto:segreteria@associazionearmonia.it\">segreteria@associazionearmonia.it<\/a><br \/>\nWebseite <a href=\"http:\/\/www.associazionearmonia.it\">www.associazionearmonia.it<\/a><\/p>\n<\/div><\/div><\/div><\/div><\/div><\/div><div class=\"w-separator size_large\"><\/div><div class=\"g-cols wpb_row  type_default valign_top vc_inner\"><div class=\"vc_col-sm-6 wpb_column vc_column_container\"><div class=\"vc_column-inner\"><div class=\"wpb_wrapper\"><div class=\"wpb_text_column\" ><div class=\"wpb_wrapper\"><h3><b>Podere Il Pino und Pod. Caprareccia<\/b><\/h3>\n<p>Das Hauptgeb\u00e4ude des Forstkomplexes Berignone wurde von der Unione Montana Alta Val di Cecina renoviert und anschlie\u00dfend im Rahmen einer Konzession vergeben.<\/p>\n<p><a href=\"https:\/\/www.ilparadisodiberignone.it\/\"><b>IL PARADISO DI BERIGNONE<\/b><\/a><br \/>\nTel. <a href=\"tel:0039 346 3466660\">+39 346 3466660<\/a><br \/>\nTel. <a href=\"tel:0039 335 5359424\">+39 335 5359424<\/a><br \/>\nEmail <a href=\"mailto:ilparadisodiberignone@gmail.com\">ilparadisodiberignone@gmail.com<\/a><br \/>\nWebseite <a href=\"http:\/\/www.ilparadisodiberignone.it\/\">www.ilparadisodiberignone.it\/<\/a><\/p>\n<\/div><\/div><\/div><\/div><\/div><div class=\"vc_col-sm-6 wpb_column vc_column_container\"><div class=\"vc_column-inner\"><div class=\"wpb_wrapper\"><div class=\"w-image align_center\"><div class=\"w-image-h\"><img width=\"513\" height=\"317\" src=\"https:\/\/valdicecinaoutdoor.it\/wp-content\/uploads\/2026\/03\/Podere_il_Pino-03.png\" class=\"attachment-large size-large\" alt=\"\" loading=\"lazy\" srcset=\"https:\/\/valdicecinaoutdoor.it\/wp-content\/uploads\/2026\/03\/Podere_il_Pino-03.png 513w, https:\/\/valdicecinaoutdoor.it\/wp-content\/uploads\/2026\/03\/Podere_il_Pino-03-300x185.png 300w\" sizes=\"(max-width: 513px) 100vw, 513px\" \/><\/div><\/div><\/div><\/div><\/div><\/div><div class=\"w-separator size_large\"><\/div><div class=\"wpb_text_column\" ><div class=\"wpb_wrapper\"><h2><b>ALLGEMEINE WEBADRESSEN<\/b><\/h2>\n<p><i><strong>LOKALE VERWALTUNGEN<\/strong><br \/>\n<\/i><a href=\"https:\/\/www.comune.monteverdi.pi.it\/it\" target=\"_blank\" rel=\"noopener\">https:\/\/www.comune.monteverdi.pi.it\/it<\/a><br \/>\n<a href=\"https:\/\/www.comune.pomarance.pi.it\/homepage\" target=\"_blank\" rel=\"noopener\">https:\/\/www.comune.pomarance.pi.it\/homepage<\/a><br \/>\n<a href=\"https:\/\/www.comune.montecatini.pi.it\/it-it\/home\" target=\"_blank\" rel=\"noopener\">https:\/\/www.comune.montecatini.pi.it\/it-it\/home<\/a><br \/>\n<a href=\"https:\/\/www.umavc.it\/\" target=\"_blank\" rel=\"noopener\">https:\/\/www.umavc.it\/<\/a><\/p>\n<p><strong><i>AKTIVIT\u00c4TEN IN DER REGION UND UMGEBUNG<\/i><\/strong><br \/>\n<a href=\"https:\/\/valdelsavaldicecina.it\/\" target=\"_blank\" rel=\"noopener\">https:\/\/valdelsavaldicecina.it\/<\/a><br \/>\n<a href=\"https:\/\/www.terredipisa.it\/\" target=\"_blank\" rel=\"noopener\">https:\/\/www.terredipisa.it\/<\/a><br \/>\n<a href=\"https:\/\/volterratur.it\/\" target=\"_blank\" rel=\"noopener\">https:\/\/volterratur.it\/<\/a><br \/>\n<a href=\"https:\/\/www.visittuscany.com\/it\" target=\"_blank\" rel=\"noopener\">https:\/\/www.visittuscany.com\/it<\/a><br \/>\n<a href=\"https:\/\/www.mubia.it\/\" target=\"_blank\" rel=\"noopener\">https:\/\/www.mubia.it\/<\/a><br \/>\n<a href=\"https:\/\/www.costadeglietruschi.eu\/\" target=\"_blank\" rel=\"noopener\">https:\/\/www.costadeglietruschi.eu\/<\/a><\/p>\n<p><strong><i>MUSEEN DER REGION<\/i><\/strong><br \/>\n<a href=\"https:\/\/www.museodelleminieremontecatini.it\/\" target=\"_blank\" rel=\"noopener\">https:\/\/www.museodelleminieremontecatini.it\/<\/a><br \/>\n<a href=\"http:\/\/www.museivaldicecina.it\/it\/museo_della_geotermia.php\" target=\"_blank\" rel=\"noopener\">http:\/\/www.museivaldicecina.it\/it\/museo_della_geotermia.php<\/a><\/p>\n<p><strong><i>TOURISMUSBERUFE \u2013 NATIONALE UND REGIONALE VORSCHRIFTEN<\/i><\/strong><br \/>\n<a href=\"https:\/\/www.regione.toscana.it\/-\/professioni-turistiche-ed-elenchi-dei-professionisti-abilitati\" target=\"_blank\" rel=\"noopener\">https:\/\/www.regione.toscana.it\/-\/professioni-turistiche-ed-elenchi-dei-professionisti-abilitati<\/a><br \/>\n<a href=\"https:\/\/www.mimit.gov.it\/it\/mercato-e-consumatori\/professioni-non-organizzate\" target=\"_blank\" rel=\"noopener\">https:\/\/www.mimit.gov.it\/it\/mercato-e-consumatori\/professioni-non-organizzate<\/a><br \/>\n<a href=\"https:\/\/www.regione.toscana.it\/documents\/d\/guest\/elenco-guide-ambientali-abilitate-in-toscana_2-pdf\" target=\"_blank\" rel=\"noopener\">https:\/\/www.regione.toscana.it\/documents\/d\/guest\/elenco-guide-ambientali-abilitate-in-toscana_2-pdf<\/a><\/p>\n<p><strong><i>NATIONALE VERB\u00c4NDE F\u00dcR WANDERN UND NATURF\u00dcHRER<\/i><\/strong><br \/>\n<a href=\"https:\/\/www.fieitalia.it\/\" target=\"_blank\" rel=\"noopener\">https:\/\/www.fieitalia.it\/<\/a><br \/>\n<a href=\"https:\/\/www.aigae.org\/\" target=\"_blank\" rel=\"noopener\">https:\/\/www.aigae.org\/<\/a><br \/>\n<a href=\"https:\/\/www.fise.it\/\" target=\"_blank\" rel=\"noopener\">https:\/\/www.fise.it\/<\/a><\/p>\n<\/div><\/div><\/div><\/div><\/div><\/div><\/div><\/section><section class=\"l-section wpb_row height_medium\"><div class=\"l-section-h i-cf\"><div class=\"g-cols vc_row type_default valign_top\"><div class=\"vc_col-sm-12 wpb_column vc_column_container\"><div class=\"vc_column-inner\"><div class=\"wpb_wrapper\"><div class=\"wpb_text_column\" ><div class=\"wpb_wrapper\"><p><script src=\"moz-extension:\/\/d62fdddb-d9e5-463a-9990-3be7cb630a4d\/iFrame.js\" type=\"text\/javascript\"><\/script><\/p>\n<\/div><\/div><\/div><\/div><\/div><\/div><\/div><\/section><section class=\"l-section wpb_row height_medium\"><div class=\"l-section-h i-cf\"><div class=\"g-cols vc_row type_default valign_top\"><div class=\"vc_col-sm-12 wpb_column vc_column_container\"><div class=\"vc_column-inner\"><div class=\"wpb_wrapper\"><div class=\"wpb_text_column\" ><div class=\"wpb_wrapper\"><p><script src=\"moz-extension:\/\/d62fdddb-d9e5-463a-9990-3be7cb630a4d\/iFrame.js\" type=\"text\/javascript\"><\/script><\/p>\n<\/div><\/div><\/div><\/div><\/div><\/div><\/div><\/section>\n","protected":false},"excerpt":{"rendered":"[vc_custom_heading text=\"\" font_container=\"tag:h1|text_align:left\" google_fonts=\"font_family:Rock%20Salt%3Aregular|font_style:400%20regular%3A400%3Anormal\" css=\"%7B%22default%22%3A%7B%22color%22%3A%22%23ffffff%22%2C%22font-size%22%3A%2242px%22%7D%7D\" el_class=\"wm-activity-page-banner-title\"]NATURSCHUTZGEBIETE DER OBEREN VAL DI CECINA Beherbergungsstrukturen Ein Gro\u00dfteil der Fl\u00e4chen innerhalb der Naturschutzgebiete geh\u00f6rt der Region Toskana und wird von der Unione Montana Alta Val di Cecina verwaltet.. Innerhalb der Schutzgebiete befinden sich drei historisch und architektonisch bedeutende Geb\u00e4ude, die in den unten aufgef\u00fchrten Forstkomplexen liegen. Die Strukturen bieten...","protected":false},"author":8,"featured_media":13144,"parent":0,"menu_order":0,"comment_status":"closed","ping_status":"closed","template":"","meta":[],"yoast_head":"<!-- This site is optimized with the Yoast SEO plugin v18.2 - https:\/\/yoast.com\/wordpress\/plugins\/seo\/ -->\n<title>Vorschlage | Valdicecina Outdoor<\/title>\n<meta name=\"robots\" content=\"index, follow, max-snippet:-1, max-image-preview:large, max-video-preview:-1\" \/>\n<link rel=\"canonical\" href=\"https:\/\/valdicecinaoutdoor.it\/de\/vorschlage\/\" \/>\n<meta property=\"og:locale\" content=\"de_DE\" \/>\n<meta property=\"og:type\" content=\"article\" \/>\n<meta property=\"og:title\" content=\"Vorschlage | Valdicecina Outdoor\" \/>\n<meta property=\"og:url\" content=\"https:\/\/valdicecinaoutdoor.it\/de\/vorschlage\/\" \/>\n<meta property=\"og:site_name\" content=\"Val di Cecina outdoor\" \/>\n<meta property=\"article:publisher\" content=\"https:\/\/m.facebook.com\/valdicecinaoutdoor\/\" \/>\n<meta property=\"article:modified_time\" content=\"2026-03-31T08:09:18+00:00\" \/>\n<meta property=\"og:image\" content=\"https:\/\/valdicecinaoutdoor.it\/wp-content\/uploads\/2020\/09\/31120884_2032902536925366_976687244584611498_n-quad-8.jpg\" \/>\n\t<meta property=\"og:image:width\" content=\"960\" \/>\n\t<meta property=\"og:image:height\" content=\"766\" \/>\n\t<meta property=\"og:image:type\" content=\"image\/jpeg\" \/>\n<meta name=\"twitter:card\" content=\"summary_large_image\" \/>\n<meta name=\"twitter:label1\" content=\"Est. reading time\" \/>\n\t<meta name=\"twitter:data1\" content=\"4 minutes\" \/>\n<script type=\"application\/ld+json\" class=\"yoast-schema-graph\">{\"@context\":\"https:\/\/schema.org\",\"@graph\":[{\"@type\":\"Organization\",\"@id\":\"https:\/\/valdicecinaoutdoor.it\/en\/#organization\",\"name\":\"Valdicecina Outdoor\",\"url\":\"https:\/\/valdicecinaoutdoor.it\/en\/\",\"sameAs\":[\"https:\/\/m.facebook.com\/valdicecinaoutdoor\/\",\"https:\/\/www.instagram.com\/valdicecina_outdoor\/\"],\"logo\":{\"@type\":\"ImageObject\",\"@id\":\"https:\/\/valdicecinaoutdoor.it\/en\/#logo\",\"inLanguage\":\"de-DE\",\"url\":\"https:\/\/valdicecinaoutdoor.it\/wp-content\/uploads\/2020\/09\/valdicecinaoutdoor-logo-home.png\",\"contentUrl\":\"https:\/\/valdicecinaoutdoor.it\/wp-content\/uploads\/2020\/09\/valdicecinaoutdoor-logo-home.png\",\"width\":252,\"height\":311,\"caption\":\"Valdicecina Outdoor\"},\"image\":{\"@id\":\"https:\/\/valdicecinaoutdoor.it\/en\/#logo\"}},{\"@type\":\"WebSite\",\"@id\":\"https:\/\/valdicecinaoutdoor.it\/en\/#website\",\"url\":\"https:\/\/valdicecinaoutdoor.it\/en\/\",\"name\":\"Val di Cecina outdoor\",\"description\":\"Itinerari unici nella Toscana\",\"publisher\":{\"@id\":\"https:\/\/valdicecinaoutdoor.it\/en\/#organization\"},\"potentialAction\":[{\"@type\":\"SearchAction\",\"target\":{\"@type\":\"EntryPoint\",\"urlTemplate\":\"https:\/\/valdicecinaoutdoor.it\/en\/?s={search_term_string}\"},\"query-input\":\"required name=search_term_string\"}],\"inLanguage\":\"de-DE\"},{\"@type\":\"ImageObject\",\"@id\":\"https:\/\/valdicecinaoutdoor.it\/de\/vorschlage\/#primaryimage\",\"inLanguage\":\"de-DE\",\"url\":\"https:\/\/valdicecinaoutdoor.it\/wp-content\/uploads\/2020\/09\/31120884_2032902536925366_976687244584611498_n-quad-8.jpg\",\"contentUrl\":\"https:\/\/valdicecinaoutdoor.it\/wp-content\/uploads\/2020\/09\/31120884_2032902536925366_976687244584611498_n-quad-8.jpg\",\"width\":960,\"height\":766},{\"@type\":\"WebPage\",\"@id\":\"https:\/\/valdicecinaoutdoor.it\/de\/vorschlage\/#webpage\",\"url\":\"https:\/\/valdicecinaoutdoor.it\/de\/vorschlage\/\",\"name\":\"Vorschlage | Valdicecina Outdoor\",\"isPartOf\":{\"@id\":\"https:\/\/valdicecinaoutdoor.it\/en\/#website\"},\"primaryImageOfPage\":{\"@id\":\"https:\/\/valdicecinaoutdoor.it\/de\/vorschlage\/#primaryimage\"},\"datePublished\":\"2026-03-25T16:48:42+00:00\",\"dateModified\":\"2026-03-31T08:09:18+00:00\",\"breadcrumb\":{\"@id\":\"https:\/\/valdicecinaoutdoor.it\/de\/vorschlage\/#breadcrumb\"},\"inLanguage\":\"de-DE\",\"potentialAction\":[{\"@type\":\"ReadAction\",\"target\":[\"https:\/\/valdicecinaoutdoor.it\/de\/vorschlage\/\"]}]},{\"@type\":\"BreadcrumbList\",\"@id\":\"https:\/\/valdicecinaoutdoor.it\/de\/vorschlage\/#breadcrumb\",\"itemListElement\":[{\"@type\":\"ListItem\",\"position\":1,\"name\":\"Home\",\"item\":\"https:\/\/valdicecinaoutdoor.it\/de\/\"},{\"@type\":\"ListItem\",\"position\":2,\"name\":\"Vorschlage\"}]}]}<\/script>\n<!-- \/ Yoast SEO plugin. -->","yoast_head_json":{"title":"Vorschlage | Valdicecina Outdoor","robots":{"index":"index","follow":"follow","max-snippet":"max-snippet:-1","max-image-preview":"max-image-preview:large","max-video-preview":"max-video-preview:-1"},"canonical":"https:\/\/valdicecinaoutdoor.it\/de\/vorschlage\/","og_locale":"de_DE","og_type":"article","og_title":"Vorschlage | Valdicecina Outdoor","og_url":"https:\/\/valdicecinaoutdoor.it\/de\/vorschlage\/","og_site_name":"Val di Cecina outdoor","article_publisher":"https:\/\/m.facebook.com\/valdicecinaoutdoor\/","article_modified_time":"2026-03-31T08:09:18+00:00","og_image":[{"width":960,"height":766,"url":"https:\/\/valdicecinaoutdoor.it\/wp-content\/uploads\/2020\/09\/31120884_2032902536925366_976687244584611498_n-quad-8.jpg","type":"image\/jpeg"}],"twitter_card":"summary_large_image","twitter_misc":{"Est. reading time":"4 minutes"},"schema":{"@context":"https:\/\/schema.org","@graph":[{"@type":"Organization","@id":"https:\/\/valdicecinaoutdoor.it\/en\/#organization","name":"Valdicecina Outdoor","url":"https:\/\/valdicecinaoutdoor.it\/en\/","sameAs":["https:\/\/m.facebook.com\/valdicecinaoutdoor\/","https:\/\/www.instagram.com\/valdicecina_outdoor\/"],"logo":{"@type":"ImageObject","@id":"https:\/\/valdicecinaoutdoor.it\/en\/#logo","inLanguage":"de-DE","url":"https:\/\/valdicecinaoutdoor.it\/wp-content\/uploads\/2020\/09\/valdicecinaoutdoor-logo-home.png","contentUrl":"https:\/\/valdicecinaoutdoor.it\/wp-content\/uploads\/2020\/09\/valdicecinaoutdoor-logo-home.png","width":252,"height":311,"caption":"Valdicecina Outdoor"},"image":{"@id":"https:\/\/valdicecinaoutdoor.it\/en\/#logo"}},{"@type":"WebSite","@id":"https:\/\/valdicecinaoutdoor.it\/en\/#website","url":"https:\/\/valdicecinaoutdoor.it\/en\/","name":"Val di Cecina outdoor","description":"Itinerari unici nella Toscana","publisher":{"@id":"https:\/\/valdicecinaoutdoor.it\/en\/#organization"},"potentialAction":[{"@type":"SearchAction","target":{"@type":"EntryPoint","urlTemplate":"https:\/\/valdicecinaoutdoor.it\/en\/?s={search_term_string}"},"query-input":"required name=search_term_string"}],"inLanguage":"de-DE"},{"@type":"ImageObject","@id":"https:\/\/valdicecinaoutdoor.it\/de\/vorschlage\/#primaryimage","inLanguage":"de-DE","url":"https:\/\/valdicecinaoutdoor.it\/wp-content\/uploads\/2020\/09\/31120884_2032902536925366_976687244584611498_n-quad-8.jpg","contentUrl":"https:\/\/valdicecinaoutdoor.it\/wp-content\/uploads\/2020\/09\/31120884_2032902536925366_976687244584611498_n-quad-8.jpg","width":960,"height":766},{"@type":"WebPage","@id":"https:\/\/valdicecinaoutdoor.it\/de\/vorschlage\/#webpage","url":"https:\/\/valdicecinaoutdoor.it\/de\/vorschlage\/","name":"Vorschlage | Valdicecina Outdoor","isPartOf":{"@id":"https:\/\/valdicecinaoutdoor.it\/en\/#website"},"primaryImageOfPage":{"@id":"https:\/\/valdicecinaoutdoor.it\/de\/vorschlage\/#primaryimage"},"datePublished":"2026-03-25T16:48:42+00:00","dateModified":"2026-03-31T08:09:18+00:00","breadcrumb":{"@id":"https:\/\/valdicecinaoutdoor.it\/de\/vorschlage\/#breadcrumb"},"inLanguage":"de-DE","potentialAction":[{"@type":"ReadAction","target":["https:\/\/valdicecinaoutdoor.it\/de\/vorschlage\/"]}]},{"@type":"BreadcrumbList","@id":"https:\/\/valdicecinaoutdoor.it\/de\/vorschlage\/#breadcrumb","itemListElement":[{"@type":"ListItem","position":1,"name":"Home","item":"https:\/\/valdicecinaoutdoor.it\/de\/"},{"@type":"ListItem","position":2,"name":"Vorschlage"}]}]}},"menu_color":"","menu_icon":"","acf":[],"wpml_current_locale":"de_DE","wpml_translations":[{"locale":"en_US","id":17729,"post_title":"Proposals","href":"https:\/\/valdicecinaoutdoor.it\/en\/proposals-2\/"},{"locale":"it_IT","id":17727,"post_title":"Proposte","href":"https:\/\/valdicecinaoutdoor.it\/proposte\/"}],"_links":{"self":[{"href":"https:\/\/valdicecinaoutdoor.it\/de\/wp-json\/wp\/v2\/pages\/17728"}],"collection":[{"href":"https:\/\/valdicecinaoutdoor.it\/de\/wp-json\/wp\/v2\/pages"}],"about":[{"href":"https:\/\/valdicecinaoutdoor.it\/de\/wp-json\/wp\/v2\/types\/page"}],"author":[{"embeddable":true,"href":"https:\/\/valdicecinaoutdoor.it\/de\/wp-json\/wp\/v2\/users\/8"}],"replies":[{"embeddable":true,"href":"https:\/\/valdicecinaoutdoor.it\/de\/wp-json\/wp\/v2\/comments?post=17728"}],"version-history":[{"count":6,"href":"https:\/\/valdicecinaoutdoor.it\/de\/wp-json\/wp\/v2\/pages\/17728\/revisions"}],"predecessor-version":[{"id":17785,"href":"https:\/\/valdicecinaoutdoor.it\/de\/wp-json\/wp\/v2\/pages\/17728\/revisions\/17785"}],"wp:featuredmedia":[{"embeddable":true,"href":"https:\/\/valdicecinaoutdoor.it\/de\/wp-json\/wp\/v2\/media\/13144"}],"wp:attachment":[{"href":"https:\/\/valdicecinaoutdoor.it\/de\/wp-json\/wp\/v2\/media?parent=17728"}],"curies":[{"name":"wp","href":"https:\/\/api.w.org\/{rel}","templated":true}]}}