{"id":17582,"date":"2025-07-05T17:49:21","date_gmt":"2025-07-05T15:49:21","guid":{"rendered":"https:\/\/valdicecinaoutdoor.it\/?page_id=17582"},"modified":"2025-07-05T17:51:55","modified_gmt":"2025-07-05T15:51:55","slug":"komplex-lustignano","status":"publish","type":"page","link":"https:\/\/valdicecinaoutdoor.it\/de\/komplex-lustignano\/","title":{"rendered":"Komplex &#8220;Lustignano&#8221;"},"content":{"rendered":"<section class=\"l-section wpb_row us_custom_8e08239e height_small\"><div class=\"l-section-h i-cf\"><div class=\"g-cols vc_row type_default valign_top\"><div class=\"vc_col-sm-12 wpb_column vc_column_container\"><div class=\"vc_column-inner us_custom_f37aca33\"><div class=\"wpb_wrapper\"><div class=\"wpb_text_column\" ><div class=\"wpb_wrapper\"><span><span><a href=\"https:\/\/valdicecinaoutdoor.it\/de\/\">Home<\/a><\/span>\n<\/div><\/div><\/div><\/div><\/div><div class=\"vc_col-sm-12 wpb_column vc_column_container\"><div class=\"vc_column-inner\"><div class=\"wpb_wrapper\"><h1 class=\"w-post-elm post_title us_custom_0140f015 align_center entry-title color_link_inherit has_text_color\">Komplex &#8220;Lustignano&#8221;<\/h1><\/div><\/div><\/div><\/div><\/div><\/section><section class=\"l-section wpb_row height_small\"><div class=\"l-section-h i-cf\"><div class=\"g-cols vc_row type_default valign_top\"><div class=\"vc_col-sm-12 wpb_column vc_column_container has-fill riserve-gallery-row with_overlay\"><div class=\"vc_column-inner us_custom_52c7b0f7\"><div class=\"vc_column-overlay\" style=\"background:rgba(0,0,0,0.50)\"><\/div><div class=\"wpb_wrapper\"><div class=\"w-slider us_custom_f558baf0 style_none fit_scaledown riserve-gallery-block\"><div class=\"w-slider-h\"><div class=\"royalSlider\"><div class=\"rsContent\"><a class=\"rsImg\" data-rsw=\"810\" data-rsh=\"540\" data-rsBigImg=\"https:\/\/valdicecinaoutdoor.it\/wp-content\/uploads\/2025\/07\/complesso-di-lustignano.webp\" href=\"https:\/\/valdicecinaoutdoor.it\/wp-content\/uploads\/2025\/07\/complesso-di-lustignano-810x540.webp\"><span data-alt=\"\"><\/span><\/a><\/div><\/div><img src=\"https:\/\/valdicecinaoutdoor.it\/wp-content\/uploads\/2025\/07\/complesso-di-lustignano-810x540.webp\" width=\"810\" height=\"540\" alt loading=\"lazy\"><\/div><div class=\"w-slider-json\" onclick='return {&quot;loop&quot;:true,&quot;fadeInLoadedSlide&quot;:false,&quot;slidesSpacing&quot;:0,&quot;imageScalePadding&quot;:0,&quot;numImagesToPreload&quot;:2,&quot;arrowsNav&quot;:true,&quot;arrowsNavAutoHide&quot;:false,&quot;transitionType&quot;:&quot;move&quot;,&quot;transitionSpeed&quot;:300,&quot;block&quot;:{&quot;moveEffect&quot;:&quot;none&quot;,&quot;speed&quot;:300},&quot;controlNavigation&quot;:&quot;none&quot;,&quot;fullscreen&quot;:{&quot;enabled&quot;:true},&quot;imageScaleMode&quot;:&quot;fit-if-smaller&quot;,&quot;autoScaleSlider&quot;:true,&quot;autoScaleSliderWidth&quot;:810,&quot;autoScaleSliderHeight&quot;:540,&quot;fitInViewport&quot;:false}'><\/div><\/div><\/div><\/div><\/div><\/div><\/div><\/section><section class=\"l-section wpb_row height_medium\"><div class=\"l-section-h i-cf\"><div class=\"g-cols vc_row type_default valign_top\"><div class=\"vc_col-sm-12 wpb_column vc_column_container\"><div class=\"vc_column-inner\"><div class=\"wpb_wrapper\">[vc_custom_heading text=&#8221;Work in progress&#8221; font_container=&#8221;tag:h2|text_align:center&#8221; use_theme_fonts=&#8221;yes&#8221;]<\/div><\/div><\/div><\/div><\/div><\/section>\n","protected":false},"excerpt":{"rendered":"Home Komplex &#8220;Lustignano&#8221;[vc_custom_heading text=\"Work in progress\" font_container=\"tag:h2|text_align:center\" use_theme_fonts=\"yes\"]","protected":false},"author":8,"featured_media":17591,"parent":0,"menu_order":0,"comment_status":"closed","ping_status":"closed","template":"","meta":[],"yoast_head":"<!-- This site is optimized with the Yoast SEO plugin v18.2 - https:\/\/yoast.com\/wordpress\/plugins\/seo\/ -->\n<title>Komplex &quot;Lustignano&quot; | Valdicecina Outdoor<\/title>\n<meta name=\"description\" content=\"Im Naturschutzgebiet Berignone erm\u00f6glichen Ihnen zahlreiche alte Pfade, die f\u00fcr alle Bed\u00fcrfnisse geeignet sind, das Reservat in Sicherheit zu erkunden.\" \/>\n<meta name=\"robots\" content=\"index, follow, max-snippet:-1, max-image-preview:large, max-video-preview:-1\" \/>\n<link rel=\"canonical\" href=\"https:\/\/valdicecinaoutdoor.it\/de\/komplex-lustignano\/\" \/>\n<meta property=\"og:locale\" content=\"de_DE\" \/>\n<meta property=\"og:type\" content=\"article\" \/>\n<meta property=\"og:title\" content=\"Komplex &quot;Lustignano&quot; | Val di Cecina outdoor\" \/>\n<meta property=\"og:description\" content=\"Im Naturschutzgebiet Berignone erm\u00f6glichen Ihnen zahlreiche alte Pfade, die f\u00fcr alle Bed\u00fcrfnisse geeignet sind, das Reservat in Sicherheit zu erkunden.\" \/>\n<meta property=\"og:url\" content=\"https:\/\/valdicecinaoutdoor.it\/de\/komplex-lustignano\/\" \/>\n<meta property=\"og:site_name\" content=\"Val di Cecina outdoor\" \/>\n<meta property=\"article:publisher\" content=\"https:\/\/m.facebook.com\/valdicecinaoutdoor\/\" \/>\n<meta property=\"article:modified_time\" content=\"2025-07-05T15:51:55+00:00\" \/>\n<meta property=\"og:image\" content=\"https:\/\/valdicecinaoutdoor.it\/wp-content\/uploads\/2020\/09\/Masso-delle-Fanciulle-sul-fiume-Cecina-nella-Riserva-Naturale-di-Berignone-ok-2-1024x768.jpg\" \/>\n<meta name=\"twitter:card\" content=\"summary_large_image\" \/>\n<meta name=\"twitter:title\" content=\"berignone valdicecina naturschutzgebiet\" \/>\n<meta name=\"twitter:description\" content=\"Im Naturschutzgebiet Berignone erm\u00f6glichen Ihnen zahlreiche alte Pfade, die f\u00fcr alle Bed\u00fcrfnisse geeignet sind, das Reservat in Sicherheit zu erkunden.\" \/>\n<meta name=\"twitter:image\" content=\"https:\/\/valdicecinaoutdoor.it\/wp-content\/uploads\/2020\/09\/Masso-delle-Fanciulle-sul-fiume-Cecina-nella-Riserva-Naturale-di-Berignone-ok-2.jpg\" \/>\n<meta name=\"twitter:label1\" content=\"Est. reading time\" \/>\n\t<meta name=\"twitter:data1\" content=\"12 minutes\" \/>\n<script type=\"application\/ld+json\" class=\"yoast-schema-graph\">{\"@context\":\"https:\/\/schema.org\",\"@graph\":[{\"@type\":\"Organization\",\"@id\":\"https:\/\/valdicecinaoutdoor.it\/en\/#organization\",\"name\":\"Valdicecina Outdoor\",\"url\":\"https:\/\/valdicecinaoutdoor.it\/en\/\",\"sameAs\":[\"https:\/\/m.facebook.com\/valdicecinaoutdoor\/\",\"https:\/\/www.instagram.com\/valdicecina_outdoor\/\"],\"logo\":{\"@type\":\"ImageObject\",\"@id\":\"https:\/\/valdicecinaoutdoor.it\/en\/#logo\",\"inLanguage\":\"de-DE\",\"url\":\"https:\/\/valdicecinaoutdoor.it\/wp-content\/uploads\/2020\/09\/valdicecinaoutdoor-logo-home.png\",\"contentUrl\":\"https:\/\/valdicecinaoutdoor.it\/wp-content\/uploads\/2020\/09\/valdicecinaoutdoor-logo-home.png\",\"width\":252,\"height\":311,\"caption\":\"Valdicecina Outdoor\"},\"image\":{\"@id\":\"https:\/\/valdicecinaoutdoor.it\/en\/#logo\"}},{\"@type\":\"WebSite\",\"@id\":\"https:\/\/valdicecinaoutdoor.it\/en\/#website\",\"url\":\"https:\/\/valdicecinaoutdoor.it\/en\/\",\"name\":\"Val di Cecina outdoor\",\"description\":\"Itinerari unici nella Toscana\",\"publisher\":{\"@id\":\"https:\/\/valdicecinaoutdoor.it\/en\/#organization\"},\"potentialAction\":[{\"@type\":\"SearchAction\",\"target\":{\"@type\":\"EntryPoint\",\"urlTemplate\":\"https:\/\/valdicecinaoutdoor.it\/en\/?s={search_term_string}\"},\"query-input\":\"required name=search_term_string\"}],\"inLanguage\":\"de-DE\"},{\"@type\":\"ImageObject\",\"@id\":\"https:\/\/valdicecinaoutdoor.it\/de\/komplex-lustignano\/#primaryimage\",\"inLanguage\":\"de-DE\",\"url\":\"\",\"contentUrl\":\"\"},{\"@type\":\"WebPage\",\"@id\":\"https:\/\/valdicecinaoutdoor.it\/de\/komplex-lustignano\/#webpage\",\"url\":\"https:\/\/valdicecinaoutdoor.it\/de\/komplex-lustignano\/\",\"name\":\"Komplex \\\"Lustignano\\\" | Valdicecina Outdoor\",\"isPartOf\":{\"@id\":\"https:\/\/valdicecinaoutdoor.it\/en\/#website\"},\"primaryImageOfPage\":{\"@id\":\"https:\/\/valdicecinaoutdoor.it\/de\/komplex-lustignano\/#primaryimage\"},\"datePublished\":\"2025-07-05T15:49:21+00:00\",\"dateModified\":\"2025-07-05T15:51:55+00:00\",\"description\":\"Im Naturschutzgebiet Berignone erm\u00f6glichen Ihnen zahlreiche alte Pfade, die f\u00fcr alle Bed\u00fcrfnisse geeignet sind, das Reservat in Sicherheit zu erkunden.\",\"breadcrumb\":{\"@id\":\"https:\/\/valdicecinaoutdoor.it\/de\/komplex-lustignano\/#breadcrumb\"},\"inLanguage\":\"de-DE\",\"potentialAction\":[{\"@type\":\"ReadAction\",\"target\":[\"https:\/\/valdicecinaoutdoor.it\/de\/komplex-lustignano\/\"]}]},{\"@type\":\"BreadcrumbList\",\"@id\":\"https:\/\/valdicecinaoutdoor.it\/de\/komplex-lustignano\/#breadcrumb\",\"itemListElement\":[{\"@type\":\"ListItem\",\"position\":1,\"name\":\"Home\",\"item\":\"https:\/\/valdicecinaoutdoor.it\/de\/\"},{\"@type\":\"ListItem\",\"position\":2,\"name\":\"Komplex &#8220;Lustignano&#8221;\"}]}]}<\/script>\n<!-- \/ Yoast SEO plugin. -->","yoast_head_json":{"title":"Komplex \"Lustignano\" | Valdicecina Outdoor","description":"Im Naturschutzgebiet Berignone erm\u00f6glichen Ihnen zahlreiche alte Pfade, die f\u00fcr alle Bed\u00fcrfnisse geeignet sind, das Reservat in Sicherheit zu erkunden.","robots":{"index":"index","follow":"follow","max-snippet":"max-snippet:-1","max-image-preview":"max-image-preview:large","max-video-preview":"max-video-preview:-1"},"canonical":"https:\/\/valdicecinaoutdoor.it\/de\/komplex-lustignano\/","og_locale":"de_DE","og_type":"article","og_title":"Komplex \"Lustignano\" | Val di Cecina outdoor","og_description":"Im Naturschutzgebiet Berignone erm\u00f6glichen Ihnen zahlreiche alte Pfade, die f\u00fcr alle Bed\u00fcrfnisse geeignet sind, das Reservat in Sicherheit zu erkunden.","og_url":"https:\/\/valdicecinaoutdoor.it\/de\/komplex-lustignano\/","og_site_name":"Val di Cecina outdoor","article_publisher":"https:\/\/m.facebook.com\/valdicecinaoutdoor\/","article_modified_time":"2025-07-05T15:51:55+00:00","og_image":[{"url":"https:\/\/valdicecinaoutdoor.it\/wp-content\/uploads\/2020\/09\/Masso-delle-Fanciulle-sul-fiume-Cecina-nella-Riserva-Naturale-di-Berignone-ok-2-1024x768.jpg"}],"twitter_card":"summary_large_image","twitter_title":"berignone valdicecina naturschutzgebiet","twitter_description":"Im Naturschutzgebiet Berignone erm\u00f6glichen Ihnen zahlreiche alte Pfade, die f\u00fcr alle Bed\u00fcrfnisse geeignet sind, das Reservat in Sicherheit zu erkunden.","twitter_image":"https:\/\/valdicecinaoutdoor.it\/wp-content\/uploads\/2020\/09\/Masso-delle-Fanciulle-sul-fiume-Cecina-nella-Riserva-Naturale-di-Berignone-ok-2.jpg","twitter_misc":{"Est. reading time":"12 minutes"},"schema":{"@context":"https:\/\/schema.org","@graph":[{"@type":"Organization","@id":"https:\/\/valdicecinaoutdoor.it\/en\/#organization","name":"Valdicecina Outdoor","url":"https:\/\/valdicecinaoutdoor.it\/en\/","sameAs":["https:\/\/m.facebook.com\/valdicecinaoutdoor\/","https:\/\/www.instagram.com\/valdicecina_outdoor\/"],"logo":{"@type":"ImageObject","@id":"https:\/\/valdicecinaoutdoor.it\/en\/#logo","inLanguage":"de-DE","url":"https:\/\/valdicecinaoutdoor.it\/wp-content\/uploads\/2020\/09\/valdicecinaoutdoor-logo-home.png","contentUrl":"https:\/\/valdicecinaoutdoor.it\/wp-content\/uploads\/2020\/09\/valdicecinaoutdoor-logo-home.png","width":252,"height":311,"caption":"Valdicecina Outdoor"},"image":{"@id":"https:\/\/valdicecinaoutdoor.it\/en\/#logo"}},{"@type":"WebSite","@id":"https:\/\/valdicecinaoutdoor.it\/en\/#website","url":"https:\/\/valdicecinaoutdoor.it\/en\/","name":"Val di Cecina outdoor","description":"Itinerari unici nella Toscana","publisher":{"@id":"https:\/\/valdicecinaoutdoor.it\/en\/#organization"},"potentialAction":[{"@type":"SearchAction","target":{"@type":"EntryPoint","urlTemplate":"https:\/\/valdicecinaoutdoor.it\/en\/?s={search_term_string}"},"query-input":"required name=search_term_string"}],"inLanguage":"de-DE"},{"@type":"ImageObject","@id":"https:\/\/valdicecinaoutdoor.it\/de\/komplex-lustignano\/#primaryimage","inLanguage":"de-DE","url":"","contentUrl":""},{"@type":"WebPage","@id":"https:\/\/valdicecinaoutdoor.it\/de\/komplex-lustignano\/#webpage","url":"https:\/\/valdicecinaoutdoor.it\/de\/komplex-lustignano\/","name":"Komplex \"Lustignano\" | Valdicecina Outdoor","isPartOf":{"@id":"https:\/\/valdicecinaoutdoor.it\/en\/#website"},"primaryImageOfPage":{"@id":"https:\/\/valdicecinaoutdoor.it\/de\/komplex-lustignano\/#primaryimage"},"datePublished":"2025-07-05T15:49:21+00:00","dateModified":"2025-07-05T15:51:55+00:00","description":"Im Naturschutzgebiet Berignone erm\u00f6glichen Ihnen zahlreiche alte Pfade, die f\u00fcr alle Bed\u00fcrfnisse geeignet sind, das Reservat in Sicherheit zu erkunden.","breadcrumb":{"@id":"https:\/\/valdicecinaoutdoor.it\/de\/komplex-lustignano\/#breadcrumb"},"inLanguage":"de-DE","potentialAction":[{"@type":"ReadAction","target":["https:\/\/valdicecinaoutdoor.it\/de\/komplex-lustignano\/"]}]},{"@type":"BreadcrumbList","@id":"https:\/\/valdicecinaoutdoor.it\/de\/komplex-lustignano\/#breadcrumb","itemListElement":[{"@type":"ListItem","position":1,"name":"Home","item":"https:\/\/valdicecinaoutdoor.it\/de\/"},{"@type":"ListItem","position":2,"name":"Komplex &#8220;Lustignano&#8221;"}]}]}},"menu_color":"","menu_icon":"","acf":[],"wpml_current_locale":"de_DE","wpml_translations":[{"locale":"en_US","id":17583,"post_title":"\"Lustignano\" Complex","href":"https:\/\/valdicecinaoutdoor.it\/en\/lustignano-complex\/"},{"locale":"it_IT","id":17581,"post_title":"Complesso \"Lustignano\"","href":"https:\/\/valdicecinaoutdoor.it\/complesso-lustignano\/"}],"_links":{"self":[{"href":"https:\/\/valdicecinaoutdoor.it\/de\/wp-json\/wp\/v2\/pages\/17582"}],"collection":[{"href":"https:\/\/valdicecinaoutdoor.it\/de\/wp-json\/wp\/v2\/pages"}],"about":[{"href":"https:\/\/valdicecinaoutdoor.it\/de\/wp-json\/wp\/v2\/types\/page"}],"author":[{"embeddable":true,"href":"https:\/\/valdicecinaoutdoor.it\/de\/wp-json\/wp\/v2\/users\/8"}],"replies":[{"embeddable":true,"href":"https:\/\/valdicecinaoutdoor.it\/de\/wp-json\/wp\/v2\/comments?post=17582"}],"version-history":[{"count":7,"href":"https:\/\/valdicecinaoutdoor.it\/de\/wp-json\/wp\/v2\/pages\/17582\/revisions"}],"predecessor-version":[{"id":17621,"href":"https:\/\/valdicecinaoutdoor.it\/de\/wp-json\/wp\/v2\/pages\/17582\/revisions\/17621"}],"wp:featuredmedia":[{"embeddable":true,"href":"https:\/\/valdicecinaoutdoor.it\/de\/wp-json\/wp\/v2\/media\/17591"}],"wp:attachment":[{"href":"https:\/\/valdicecinaoutdoor.it\/de\/wp-json\/wp\/v2\/media?parent=17582"}],"curies":[{"name":"wp","href":"https:\/\/api.w.org\/{rel}","templated":true}]}}