{"id":15563,"date":"2023-04-13T16:34:34","date_gmt":"2023-04-13T16:34:34","guid":{"rendered":"https:\/\/valdicecinaoutdoor.it\/?page_id=15563"},"modified":"2026-03-13T17:45:09","modified_gmt":"2026-03-13T16:45:09","slug":"aktivitaet","status":"publish","type":"page","link":"https:\/\/valdicecinaoutdoor.it\/de\/aktivitaet\/","title":{"rendered":"Aktivit\u00e4t"},"content":{"rendered":"<section class=\"l-section wpb_row height_medium wm-activity-page-banner-container\"><div class=\"l-section-h i-cf\"><div class=\"g-cols vc_row type_default valign_top\"><div class=\"vc_col-sm-12 wpb_column vc_column_container wm-activity-page-banner-row\"><div class=\"vc_column-inner us_custom_dd645f08\"><div class=\"wpb_wrapper\">[vc_custom_heading text=&#8221;Touren und aktive Erlebnisse&#8221; font_container=&#8221;tag:h1|text_align:left&#8221; google_fonts=&#8221;font_family:Rock%20Salt%3Aregular|font_style:400%20regular%3A400%3Anormal&#8221; css=&#8221;%7B%22default%22%3A%7B%22color%22%3A%22%23ffffff%22%2C%22font-size%22%3A%2242px%22%7D%7D&#8221; el_class=&#8221;wm-activity-page-banner-title&#8221;]<\/div><\/div><\/div><\/div><\/div><\/section><section class=\"l-section wpb_row height_medium\"><div class=\"l-section-h i-cf\"><div class=\"g-cols vc_row type_default valign_top\"><div class=\"vc_col-sm-12 wpb_column vc_column_container\"><div class=\"vc_column-inner\"><div class=\"wpb_wrapper\">[vc_custom_heading text=&#8221;Das Territorium aktiv leben&#8221; font_container=&#8221;tag:h2|text_align:center&#8221; use_theme_fonts=&#8221;yes&#8221; css=&#8221;%7B%22default%22%3A%7B%22font-weight%22%3A%22600%22%2C%22font-size%22%3A%2230px%22%7D%7D&#8221;]<div class=\"wpb_text_column us_custom_0f566682 has_text_color\" ><div class=\"wpb_wrapper\"><p class=\"h2personalizzato\" style=\"text-align: center;\">Touren, Sport und spannende Erlebnisse \u2026 eine Toskana, die Sie das ganze Jahr \u00fcber erleben k\u00f6nnen!<\/p>\n<\/div><\/div><\/div><\/div><\/div><\/div><\/div><\/section><section class=\"l-section wpb_row us_custom_5cd26a65 height_medium\"><div class=\"l-section-h i-cf\"><div class=\"g-cols vc_row type_default valign_top\"><div class=\"vc_col-sm-4 wpb_column vc_column_container\"><div class=\"vc_column-inner\"><div class=\"wpb_wrapper\"><div class=\"w-image align_none\"><a title=\"Aktivit\u00e4ten mit Amiata-Esel\" href=\"\/wp-content\/uploads\/2025\/03\/brochure_attivita_con_asini.pdf\" aria-label=\"Link\" class=\"w-image-h\"><img width=\"1024\" height=\"1024\" src=\"https:\/\/valdicecinaoutdoor.it\/wp-content\/uploads\/2025\/03\/box-attivita-con-asini.jpg\" class=\"attachment-full size-full\" alt=\"\" loading=\"lazy\" srcset=\"https:\/\/valdicecinaoutdoor.it\/wp-content\/uploads\/2025\/03\/box-attivita-con-asini.jpg 1024w, https:\/\/valdicecinaoutdoor.it\/wp-content\/uploads\/2025\/03\/box-attivita-con-asini-300x300.jpg 300w, https:\/\/valdicecinaoutdoor.it\/wp-content\/uploads\/2025\/03\/box-attivita-con-asini-150x150.jpg 150w\" sizes=\"(max-width: 1024px) 100vw, 1024px\" \/><\/a><\/div><div class=\"wpb_text_column\" ><div class=\"wpb_wrapper\"><h3 style=\"text-align: center;\"><a href=\"\/wp-content\/uploads\/2025\/03\/brochure_attivita_con_asini.pdf\" rel=\"noopener\"><br \/>\nAktivit\u00e4ten mit Amiata-Esel<\/a><\/h3>\n<p style=\"text-align: center;\"><strong>J\u00e4hrliche Aktivit\u00e4t<\/strong><br \/>\nReitzentrum Santa Barbara<br \/>\nPomarance<\/p>\n<\/div><\/div><\/div><\/div><\/div><div class=\"vc_col-sm-4 wpb_column vc_column_container\"><div class=\"vc_column-inner\"><div class=\"wpb_wrapper\"><div class=\"w-image align_none\"><a title=\"Das Land der Kr\u00e4uter\" target=\"_blank\" href=\"https:\/\/volterratur.it\/evento\/?idevent=104274\" rel=\"noopener\" aria-label=\"Link\" class=\"w-image-h\"><img width=\"1024\" height=\"1024\" src=\"https:\/\/valdicecinaoutdoor.it\/wp-content\/uploads\/2026\/03\/attivita-outdoor-erbe.webp\" class=\"attachment-full size-full\" alt=\"\" loading=\"lazy\" srcset=\"https:\/\/valdicecinaoutdoor.it\/wp-content\/uploads\/2026\/03\/attivita-outdoor-erbe.webp 1024w, https:\/\/valdicecinaoutdoor.it\/wp-content\/uploads\/2026\/03\/attivita-outdoor-erbe-300x300.webp 300w, https:\/\/valdicecinaoutdoor.it\/wp-content\/uploads\/2026\/03\/attivita-outdoor-erbe-150x150.webp 150w\" sizes=\"(max-width: 1024px) 100vw, 1024px\" \/><\/a><\/div><div class=\"wpb_text_column\" ><div class=\"wpb_wrapper\"><h3 style=\"text-align: center;\"><a href=\"https:\/\/volterratur.it\/evento\/?idevent=104274\" rel=\"noopener\"><br \/>\nDas Land der Kr\u00e4uter<\/a><br \/>\nKostenloser Ausflug<\/h3>\n<p style=\"text-align: center;\"><strong>21. und 22. M\u00e4rz 2026<\/strong><br \/>\nMontecatini Val di Cecina<\/p>\n<p style=\"text-align: center;\">Veranstaltet vom Tourismusverband Volterra<\/p>\n<\/div><\/div><\/div><\/div><\/div><div class=\"vc_col-sm-4 wpb_column vc_column_container\"><div class=\"vc_column-inner\"><div class=\"wpb_wrapper\"><div class=\"w-image align_none\"><a title=\"Die Verbindung zwischen Montecatini und Volterra\" target=\"_blank\" href=\"https:\/\/volterratur.it\/evento\/?idevent=104292\" rel=\"noopener\" aria-label=\"Link\" class=\"w-image-h\"><img width=\"1024\" height=\"1024\" src=\"https:\/\/valdicecinaoutdoor.it\/wp-content\/uploads\/2026\/03\/attivita-outdoor-montecatini-trekking.webp\" class=\"attachment-full size-full\" alt=\"\" loading=\"lazy\" srcset=\"https:\/\/valdicecinaoutdoor.it\/wp-content\/uploads\/2026\/03\/attivita-outdoor-montecatini-trekking.webp 1024w, https:\/\/valdicecinaoutdoor.it\/wp-content\/uploads\/2026\/03\/attivita-outdoor-montecatini-trekking-300x300.webp 300w, https:\/\/valdicecinaoutdoor.it\/wp-content\/uploads\/2026\/03\/attivita-outdoor-montecatini-trekking-150x150.webp 150w\" sizes=\"(max-width: 1024px) 100vw, 1024px\" \/><\/a><\/div><div class=\"wpb_text_column\" ><div class=\"wpb_wrapper\"><h3 style=\"text-align: center;\"><a href=\"https:\/\/volterratur.it\/evento\/?idevent=104292\" rel=\"noopener\"><br \/>\nDie Verbindung zwischen Montecatini und Volterra<\/a><br \/>\nKostenloser Ausflug<\/h3>\n<p style=\"text-align: center;\"><strong>11. April 2026<\/strong><br \/>\nTreffpunkt: Montecatini Val di Cecina<\/p>\n<p style=\"text-align: center;\">Veranstaltet vom Tourismusverband Volterra<\/p>\n<\/div><\/div><\/div><\/div><\/div><\/div><\/div><\/section><section class=\"l-section wpb_row us_custom_5cd26a65 height_medium\"><div class=\"l-section-h i-cf\"><div class=\"g-cols vc_row type_default valign_top\"><div class=\"vc_col-sm-4 wpb_column vc_column_container\"><div class=\"vc_column-inner\"><div class=\"wpb_wrapper\"><div class=\"w-image align_none\"><a title=\"Der Decimo-Wald\" target=\"_blank\" href=\"https:\/\/volterratur.it\/evento\/?idevent=104301\" rel=\"noopener\" aria-label=\"Link\" class=\"w-image-h\"><img width=\"1024\" height=\"1024\" src=\"https:\/\/valdicecinaoutdoor.it\/wp-content\/uploads\/2026\/03\/attivita-outdoor-foresta-decimo.webp\" class=\"attachment-full size-full\" alt=\"\" loading=\"lazy\" srcset=\"https:\/\/valdicecinaoutdoor.it\/wp-content\/uploads\/2026\/03\/attivita-outdoor-foresta-decimo.webp 1024w, https:\/\/valdicecinaoutdoor.it\/wp-content\/uploads\/2026\/03\/attivita-outdoor-foresta-decimo-300x300.webp 300w, https:\/\/valdicecinaoutdoor.it\/wp-content\/uploads\/2026\/03\/attivita-outdoor-foresta-decimo-150x150.webp 150w\" sizes=\"(max-width: 1024px) 100vw, 1024px\" \/><\/a><\/div><div class=\"wpb_text_column\" ><div class=\"wpb_wrapper\"><h3 style=\"text-align: center;\"><a href=\"https:\/\/volterratur.it\/evento\/?idevent=104301\" rel=\"noopener\"><br \/>\nDer Decimo-Wald<\/a><br \/>\nKostenloser Ausflug<\/h3>\n<p style=\"text-align: center;\"><strong>12. April 2026<\/strong><br \/>\nTreffpunkt: Casino di Terra<\/p>\n<p style=\"text-align: center;\">Veranstaltet vom Tourismusverband Volterra<\/p>\n<\/div><\/div><\/div><\/div><\/div><div class=\"vc_col-sm-4 wpb_column vc_column_container\"><div class=\"vc_column-inner\"><div class=\"wpb_wrapper\"><div class=\"w-image align_none\"><a title=\"Die Sassa-W\u00e4lder\" target=\"_blank\" href=\"https:\/\/volterratur.it\/evento\/?idevent=104310\" rel=\"noopener\" aria-label=\"Link\" class=\"w-image-h\"><img width=\"1024\" height=\"1024\" src=\"https:\/\/valdicecinaoutdoor.it\/wp-content\/uploads\/2026\/03\/attivita-outdoor-foreste-sassa.webp\" class=\"attachment-full size-full\" alt=\"\" loading=\"lazy\" srcset=\"https:\/\/valdicecinaoutdoor.it\/wp-content\/uploads\/2026\/03\/attivita-outdoor-foreste-sassa.webp 1024w, https:\/\/valdicecinaoutdoor.it\/wp-content\/uploads\/2026\/03\/attivita-outdoor-foreste-sassa-300x300.webp 300w, https:\/\/valdicecinaoutdoor.it\/wp-content\/uploads\/2026\/03\/attivita-outdoor-foreste-sassa-150x150.webp 150w\" sizes=\"(max-width: 1024px) 100vw, 1024px\" \/><\/a><\/div><div class=\"wpb_text_column\" ><div class=\"wpb_wrapper\"><h3 style=\"text-align: center;\"><a href=\"https:\/\/volterratur.it\/evento\/?idevent=104310\" rel=\"noopener\"><br \/>\nDie Sassa-W\u00e4lder<\/a><br \/>\nKostenloser Ausflug<\/h3>\n<p style=\"text-align: center;\"><strong>18. April 2026<\/strong><\/p>\n<p style=\"text-align: center;\">Veranstaltet vom Tourismusverband Volterra<\/p>\n<\/div><\/div><\/div><\/div><\/div><div class=\"vc_col-sm-4 wpb_column vc_column_container\"><div class=\"vc_column-inner\"><div class=\"wpb_wrapper\"><div class=\"w-image align_none\"><a title=\"Montecatini und Umgebung\" target=\"_blank\" href=\"https:\/\/volterratur.it\/evento\/?idevent=104319\" rel=\"noopener\" aria-label=\"Link\" class=\"w-image-h\"><img width=\"1024\" height=\"1024\" src=\"https:\/\/valdicecinaoutdoor.it\/wp-content\/uploads\/2026\/03\/attivita-outdoor-montecatini-e-le-sue-terre.webp\" class=\"attachment-full size-full\" alt=\"\" loading=\"lazy\" srcset=\"https:\/\/valdicecinaoutdoor.it\/wp-content\/uploads\/2026\/03\/attivita-outdoor-montecatini-e-le-sue-terre.webp 1024w, https:\/\/valdicecinaoutdoor.it\/wp-content\/uploads\/2026\/03\/attivita-outdoor-montecatini-e-le-sue-terre-300x300.webp 300w, https:\/\/valdicecinaoutdoor.it\/wp-content\/uploads\/2026\/03\/attivita-outdoor-montecatini-e-le-sue-terre-150x150.webp 150w\" sizes=\"(max-width: 1024px) 100vw, 1024px\" \/><\/a><\/div><div class=\"wpb_text_column\" ><div class=\"wpb_wrapper\"><h3 style=\"text-align: center;\"><a href=\"https:\/\/volterratur.it\/evento\/?idevent=104319\" rel=\"noopener\"><br \/>\nMontecatini und Umgebung<\/a><br \/>\nKostenloser Ausflug<\/h3>\n<p style=\"text-align: center;\"><strong>19. April 2026<\/strong><br \/>\nTreffpunkt: Eingang der Mine Caporciano \u2013 Montecatini<\/p>\n<p style=\"text-align: center;\">Veranstaltet vom Tourismusverband Volterra<\/p>\n<\/div><\/div><\/div><\/div><\/div><\/div><\/div><\/section><section class=\"l-section wpb_row us_custom_0db20381 height_medium\"><div class=\"l-section-h i-cf\"><div class=\"g-cols vc_row type_default valign_top\"><div class=\"vc_col-sm-12 wpb_column vc_column_container\"><div class=\"vc_column-inner\"><div class=\"wpb_wrapper\"><div class=\"wpb_text_column\" ><div class=\"wpb_wrapper\"><p style=\"text-align: center;\">Presso l&#8217;Ufficio Turistico di Pomarance, sono disponibili al noleggio diversi modelli di <strong>E-BIKE<\/strong><br \/>\n<strong>ORARIO NOLEGGIO<\/strong>:<br \/>\nluned\u00ec-marted\u00ec-gioved\u00ec: 9:00-12:00<br \/>\nmercoled\u00ec-venerd\u00ec-sabato-domenica: 9:00-12:00 \/ 16:00-19:00.<\/p>\n<p style=\"text-align: center;\"><strong>Per info e prenotazioni<\/strong><br \/>\nUfficioTuristico di Pomarance<br \/>\n<a href=\"mailto:ufficioturistico@comune.pomarance.pi.it\">ufficioturistico@comune.pomarance.pi.it<\/a><br \/>\n<a href=\"tel:0039058862089\">+39 0588 62089<\/a><\/p>\n<\/div><\/div><\/div><\/div><\/div><\/div><\/div><\/section>\n","protected":false},"excerpt":{"rendered":"[vc_custom_heading text=\"Touren und aktive Erlebnisse\" font_container=\"tag:h1|text_align:left\" google_fonts=\"font_family:Rock%20Salt%3Aregular|font_style:400%20regular%3A400%3Anormal\" css=\"%7B%22default%22%3A%7B%22color%22%3A%22%23ffffff%22%2C%22font-size%22%3A%2242px%22%7D%7D\" el_class=\"wm-activity-page-banner-title\"][vc_custom_heading text=\"Das Territorium aktiv leben\" font_container=\"tag:h2|text_align:center\" use_theme_fonts=\"yes\" css=\"%7B%22default%22%3A%7B%22font-weight%22%3A%22600%22%2C%22font-size%22%3A%2230px%22%7D%7D\"]Touren, Sport und spannende Erlebnisse \u2026 eine Toskana, die Sie das ganze Jahr \u00fcber erleben k\u00f6nnen! Aktivit\u00e4ten mit Amiata-Esel J\u00e4hrliche Aktivit\u00e4t Reitzentrum Santa Barbara Pomarance Das Land der Kr\u00e4uter Kostenloser Ausflug 21. und 22. M\u00e4rz 2026 Montecatini Val di Cecina...","protected":false},"author":8,"featured_media":15579,"parent":0,"menu_order":0,"comment_status":"closed","ping_status":"closed","template":"","meta":[],"yoast_head":"<!-- This site is optimized with the Yoast SEO plugin v18.2 - https:\/\/yoast.com\/wordpress\/plugins\/seo\/ -->\n<title>Aktivit\u00e4t in Valdicecina | Valdicecina Outdoor<\/title>\n<meta name=\"description\" content=\"Lebe die Valdicecina! Feste, Musik, Traditionen, Lebensstile, Geschm\u00e4cker, Handwerker \u2026 Die Toskana in Farbe zum Erleben.\" \/>\n<meta name=\"robots\" content=\"index, follow, max-snippet:-1, max-image-preview:large, max-video-preview:-1\" \/>\n<link rel=\"canonical\" href=\"https:\/\/valdicecinaoutdoor.it\/de\/aktivitaet\/\" \/>\n<meta property=\"og:locale\" content=\"de_DE\" \/>\n<meta property=\"og:type\" content=\"article\" \/>\n<meta property=\"og:title\" content=\"Aktivit\u00e4t in Valdicecina | Valdicecina Outdoor\" \/>\n<meta property=\"og:description\" content=\"Lebe die Valdicecina! Feste, Musik, Traditionen, Lebensstile, Geschm\u00e4cker, Handwerker \u2026 Die Toskana in Farbe zum Erleben.\" \/>\n<meta property=\"og:url\" content=\"https:\/\/valdicecinaoutdoor.it\/de\/aktivitaet\/\" \/>\n<meta property=\"og:site_name\" content=\"Val di Cecina outdoor\" \/>\n<meta property=\"article:publisher\" content=\"https:\/\/m.facebook.com\/valdicecinaoutdoor\/\" \/>\n<meta property=\"article:modified_time\" content=\"2026-03-13T16:45:09+00:00\" \/>\n<meta property=\"og:image\" content=\"https:\/\/valdicecinaoutdoor.it\/wp-content\/uploads\/2020\/09\/Sfilata-delle-Contrade-storiche-del-Palio-di-Pomarance-2-1024x780.jpg\" \/>\n<meta name=\"twitter:card\" content=\"summary_large_image\" \/>\n<meta name=\"twitter:title\" content=\"Aktivit\u00e4t in Valdicecina | Valdicecina Outdoor\" \/>\n<meta name=\"twitter:description\" content=\"Lebe die Valdicecina! Feste, Musik, Traditionen, Lebensstile, Geschm\u00e4cker, Handwerker \u2026 Die Toskana in Farbe zum Erleben.\" \/>\n<meta name=\"twitter:image\" content=\"https:\/\/valdicecinaoutdoor.it\/wp-content\/uploads\/2020\/09\/Sfilata-delle-Contrade-storiche-del-Palio-di-Pomarance-2.jpg\" \/>\n<meta name=\"twitter:label1\" content=\"Est. reading time\" \/>\n\t<meta name=\"twitter:data1\" content=\"2 minutes\" \/>\n<script type=\"application\/ld+json\" class=\"yoast-schema-graph\">{\"@context\":\"https:\/\/schema.org\",\"@graph\":[{\"@type\":\"Organization\",\"@id\":\"https:\/\/valdicecinaoutdoor.it\/en\/#organization\",\"name\":\"Valdicecina Outdoor\",\"url\":\"https:\/\/valdicecinaoutdoor.it\/en\/\",\"sameAs\":[\"https:\/\/m.facebook.com\/valdicecinaoutdoor\/\",\"https:\/\/www.instagram.com\/valdicecina_outdoor\/\"],\"logo\":{\"@type\":\"ImageObject\",\"@id\":\"https:\/\/valdicecinaoutdoor.it\/en\/#logo\",\"inLanguage\":\"de-DE\",\"url\":\"https:\/\/valdicecinaoutdoor.it\/wp-content\/uploads\/2020\/09\/valdicecinaoutdoor-logo-home.png\",\"contentUrl\":\"https:\/\/valdicecinaoutdoor.it\/wp-content\/uploads\/2020\/09\/valdicecinaoutdoor-logo-home.png\",\"width\":252,\"height\":311,\"caption\":\"Valdicecina Outdoor\"},\"image\":{\"@id\":\"https:\/\/valdicecinaoutdoor.it\/en\/#logo\"}},{\"@type\":\"WebSite\",\"@id\":\"https:\/\/valdicecinaoutdoor.it\/en\/#website\",\"url\":\"https:\/\/valdicecinaoutdoor.it\/en\/\",\"name\":\"Val di Cecina outdoor\",\"description\":\"Itinerari unici nella Toscana\",\"publisher\":{\"@id\":\"https:\/\/valdicecinaoutdoor.it\/en\/#organization\"},\"potentialAction\":[{\"@type\":\"SearchAction\",\"target\":{\"@type\":\"EntryPoint\",\"urlTemplate\":\"https:\/\/valdicecinaoutdoor.it\/en\/?s={search_term_string}\"},\"query-input\":\"required name=search_term_string\"}],\"inLanguage\":\"de-DE\"},{\"@type\":\"ImageObject\",\"@id\":\"https:\/\/valdicecinaoutdoor.it\/de\/aktivitaet\/#primaryimage\",\"inLanguage\":\"de-DE\",\"url\":\"\",\"contentUrl\":\"\"},{\"@type\":\"WebPage\",\"@id\":\"https:\/\/valdicecinaoutdoor.it\/de\/aktivitaet\/#webpage\",\"url\":\"https:\/\/valdicecinaoutdoor.it\/de\/aktivitaet\/\",\"name\":\"Aktivit\u00e4t in Valdicecina | Valdicecina Outdoor\",\"isPartOf\":{\"@id\":\"https:\/\/valdicecinaoutdoor.it\/en\/#website\"},\"primaryImageOfPage\":{\"@id\":\"https:\/\/valdicecinaoutdoor.it\/de\/aktivitaet\/#primaryimage\"},\"datePublished\":\"2023-04-13T16:34:34+00:00\",\"dateModified\":\"2026-03-13T16:45:09+00:00\",\"description\":\"Lebe die Valdicecina! Feste, Musik, Traditionen, Lebensstile, Geschm\u00e4cker, Handwerker \u2026 Die Toskana in Farbe zum Erleben.\",\"breadcrumb\":{\"@id\":\"https:\/\/valdicecinaoutdoor.it\/de\/aktivitaet\/#breadcrumb\"},\"inLanguage\":\"de-DE\",\"potentialAction\":[{\"@type\":\"ReadAction\",\"target\":[\"https:\/\/valdicecinaoutdoor.it\/de\/aktivitaet\/\"]}]},{\"@type\":\"BreadcrumbList\",\"@id\":\"https:\/\/valdicecinaoutdoor.it\/de\/aktivitaet\/#breadcrumb\",\"itemListElement\":[{\"@type\":\"ListItem\",\"position\":1,\"name\":\"Home\",\"item\":\"https:\/\/valdicecinaoutdoor.it\/de\/\"},{\"@type\":\"ListItem\",\"position\":2,\"name\":\"Aktivit\u00e4t\"}]}]}<\/script>\n<!-- \/ Yoast SEO plugin. -->","yoast_head_json":{"title":"Aktivit\u00e4t in Valdicecina | Valdicecina Outdoor","description":"Lebe die Valdicecina! Feste, Musik, Traditionen, Lebensstile, Geschm\u00e4cker, Handwerker \u2026 Die Toskana in Farbe zum Erleben.","robots":{"index":"index","follow":"follow","max-snippet":"max-snippet:-1","max-image-preview":"max-image-preview:large","max-video-preview":"max-video-preview:-1"},"canonical":"https:\/\/valdicecinaoutdoor.it\/de\/aktivitaet\/","og_locale":"de_DE","og_type":"article","og_title":"Aktivit\u00e4t in Valdicecina | Valdicecina Outdoor","og_description":"Lebe die Valdicecina! Feste, Musik, Traditionen, Lebensstile, Geschm\u00e4cker, Handwerker \u2026 Die Toskana in Farbe zum Erleben.","og_url":"https:\/\/valdicecinaoutdoor.it\/de\/aktivitaet\/","og_site_name":"Val di Cecina outdoor","article_publisher":"https:\/\/m.facebook.com\/valdicecinaoutdoor\/","article_modified_time":"2026-03-13T16:45:09+00:00","og_image":[{"url":"https:\/\/valdicecinaoutdoor.it\/wp-content\/uploads\/2020\/09\/Sfilata-delle-Contrade-storiche-del-Palio-di-Pomarance-2-1024x780.jpg"}],"twitter_card":"summary_large_image","twitter_title":"Aktivit\u00e4t in Valdicecina | Valdicecina Outdoor","twitter_description":"Lebe die Valdicecina! Feste, Musik, Traditionen, Lebensstile, Geschm\u00e4cker, Handwerker \u2026 Die Toskana in Farbe zum Erleben.","twitter_image":"https:\/\/valdicecinaoutdoor.it\/wp-content\/uploads\/2020\/09\/Sfilata-delle-Contrade-storiche-del-Palio-di-Pomarance-2.jpg","twitter_misc":{"Est. reading time":"2 minutes"},"schema":{"@context":"https:\/\/schema.org","@graph":[{"@type":"Organization","@id":"https:\/\/valdicecinaoutdoor.it\/en\/#organization","name":"Valdicecina Outdoor","url":"https:\/\/valdicecinaoutdoor.it\/en\/","sameAs":["https:\/\/m.facebook.com\/valdicecinaoutdoor\/","https:\/\/www.instagram.com\/valdicecina_outdoor\/"],"logo":{"@type":"ImageObject","@id":"https:\/\/valdicecinaoutdoor.it\/en\/#logo","inLanguage":"de-DE","url":"https:\/\/valdicecinaoutdoor.it\/wp-content\/uploads\/2020\/09\/valdicecinaoutdoor-logo-home.png","contentUrl":"https:\/\/valdicecinaoutdoor.it\/wp-content\/uploads\/2020\/09\/valdicecinaoutdoor-logo-home.png","width":252,"height":311,"caption":"Valdicecina Outdoor"},"image":{"@id":"https:\/\/valdicecinaoutdoor.it\/en\/#logo"}},{"@type":"WebSite","@id":"https:\/\/valdicecinaoutdoor.it\/en\/#website","url":"https:\/\/valdicecinaoutdoor.it\/en\/","name":"Val di Cecina outdoor","description":"Itinerari unici nella Toscana","publisher":{"@id":"https:\/\/valdicecinaoutdoor.it\/en\/#organization"},"potentialAction":[{"@type":"SearchAction","target":{"@type":"EntryPoint","urlTemplate":"https:\/\/valdicecinaoutdoor.it\/en\/?s={search_term_string}"},"query-input":"required name=search_term_string"}],"inLanguage":"de-DE"},{"@type":"ImageObject","@id":"https:\/\/valdicecinaoutdoor.it\/de\/aktivitaet\/#primaryimage","inLanguage":"de-DE","url":"","contentUrl":""},{"@type":"WebPage","@id":"https:\/\/valdicecinaoutdoor.it\/de\/aktivitaet\/#webpage","url":"https:\/\/valdicecinaoutdoor.it\/de\/aktivitaet\/","name":"Aktivit\u00e4t in Valdicecina | Valdicecina Outdoor","isPartOf":{"@id":"https:\/\/valdicecinaoutdoor.it\/en\/#website"},"primaryImageOfPage":{"@id":"https:\/\/valdicecinaoutdoor.it\/de\/aktivitaet\/#primaryimage"},"datePublished":"2023-04-13T16:34:34+00:00","dateModified":"2026-03-13T16:45:09+00:00","description":"Lebe die Valdicecina! Feste, Musik, Traditionen, Lebensstile, Geschm\u00e4cker, Handwerker \u2026 Die Toskana in Farbe zum Erleben.","breadcrumb":{"@id":"https:\/\/valdicecinaoutdoor.it\/de\/aktivitaet\/#breadcrumb"},"inLanguage":"de-DE","potentialAction":[{"@type":"ReadAction","target":["https:\/\/valdicecinaoutdoor.it\/de\/aktivitaet\/"]}]},{"@type":"BreadcrumbList","@id":"https:\/\/valdicecinaoutdoor.it\/de\/aktivitaet\/#breadcrumb","itemListElement":[{"@type":"ListItem","position":1,"name":"Home","item":"https:\/\/valdicecinaoutdoor.it\/de\/"},{"@type":"ListItem","position":2,"name":"Aktivit\u00e4t"}]}]}},"menu_color":"","menu_icon":"","acf":[],"wpml_current_locale":"de_DE","wpml_translations":[{"locale":"en_US","id":15564,"post_title":"Activities","href":"https:\/\/valdicecinaoutdoor.it\/en\/activities\/"},{"locale":"it_IT","id":15562,"post_title":"Attivit\u00e0","href":"https:\/\/valdicecinaoutdoor.it\/attivita\/"}],"_links":{"self":[{"href":"https:\/\/valdicecinaoutdoor.it\/de\/wp-json\/wp\/v2\/pages\/15563"}],"collection":[{"href":"https:\/\/valdicecinaoutdoor.it\/de\/wp-json\/wp\/v2\/pages"}],"about":[{"href":"https:\/\/valdicecinaoutdoor.it\/de\/wp-json\/wp\/v2\/types\/page"}],"author":[{"embeddable":true,"href":"https:\/\/valdicecinaoutdoor.it\/de\/wp-json\/wp\/v2\/users\/8"}],"replies":[{"embeddable":true,"href":"https:\/\/valdicecinaoutdoor.it\/de\/wp-json\/wp\/v2\/comments?post=15563"}],"version-history":[{"count":35,"href":"https:\/\/valdicecinaoutdoor.it\/de\/wp-json\/wp\/v2\/pages\/15563\/revisions"}],"predecessor-version":[{"id":17702,"href":"https:\/\/valdicecinaoutdoor.it\/de\/wp-json\/wp\/v2\/pages\/15563\/revisions\/17702"}],"wp:featuredmedia":[{"embeddable":true,"href":"https:\/\/valdicecinaoutdoor.it\/de\/wp-json\/wp\/v2\/media\/15579"}],"wp:attachment":[{"href":"https:\/\/valdicecinaoutdoor.it\/de\/wp-json\/wp\/v2\/media?parent=15563"}],"curies":[{"name":"wp","href":"https:\/\/api.w.org\/{rel}","templated":true}]}}