{"id":15518,"date":"2023-04-13T14:27:50","date_gmt":"2023-04-13T14:27:50","guid":{"rendered":"https:\/\/valdicecinaoutdoor.it\/?page_id=15518"},"modified":"2023-04-13T16:37:30","modified_gmt":"2023-04-13T16:37:30","slug":"kultur","status":"publish","type":"page","link":"https:\/\/valdicecinaoutdoor.it\/de\/kultur\/","title":{"rendered":"Kultur"},"content":{"rendered":"<section class=\"l-section wpb_row height_medium wm-activity-page-banner-container\"><div class=\"l-section-h i-cf\"><div class=\"g-cols vc_row type_default valign_top\"><div class=\"vc_col-sm-12 wpb_column vc_column_container wm-activity-page-banner-row\"><div class=\"vc_column-inner us_custom_dd645f08\"><div class=\"wpb_wrapper\">[vc_custom_heading text=&#8221;Museen, Kunst, Kultur&#8221; font_container=&#8221;tag:h1|text_align:left&#8221; google_fonts=&#8221;font_family:Rock%20Salt%3Aregular|font_style:400%20regular%3A400%3Anormal&#8221; css=&#8221;%7B%22default%22%3A%7B%22color%22%3A%22%23ffffff%22%2C%22font-size%22%3A%2242px%22%7D%7D&#8221; el_class=&#8221;wm-activity-page-banner-title&#8221;]<\/div><\/div><\/div><\/div><\/div><\/section><section class=\"l-section wpb_row height_medium\"><div class=\"l-section-h i-cf\"><div class=\"g-cols vc_row type_default valign_top\"><div class=\"vc_col-sm-12 wpb_column vc_column_container\"><div class=\"vc_column-inner\"><div class=\"wpb_wrapper\">[vc_custom_heading text=&#8221;Die Kulturst\u00e4tten&#8221; font_container=&#8221;tag:h2|text_align:center&#8221; use_theme_fonts=&#8221;yes&#8221; css=&#8221;%7B%22default%22%3A%7B%22font-weight%22%3A%22600%22%2C%22font-size%22%3A%2230px%22%7D%7D&#8221;]<div class=\"wpb_text_column us_custom_0f566682 has_text_color\" ><div class=\"wpb_wrapper\"><p class=\"h2personalizzato\" style=\"text-align: center;\">Museen, Kunst und Kultur: Nahrung f\u00fcr Geist und Seele&#8230; eine Toskana zum Kennenlernen<\/p>\n<\/div><\/div><\/div><\/div><\/div><\/div><\/div><\/section><section class=\"l-section wpb_row us_custom_5cd26a65 height_medium\"><div class=\"l-section-h i-cf\"><div class=\"g-cols vc_row type_default valign_top\"><div class=\"vc_col-sm-3 wpb_column vc_column_container\"><div class=\"vc_column-inner\"><div class=\"wpb_wrapper\"><div class=\"w-image align_none\"><a title=\"Rocca Sillana\" target=\"_blank\" href=\"https:\/\/volterratur.it\/en\/poi\/rocca-sillana\/\" rel=\"noopener\" aria-label=\"Link\" class=\"w-image-h\"><img width=\"1024\" height=\"1024\" src=\"https:\/\/valdicecinaoutdoor.it\/wp-content\/uploads\/2023\/04\/box-rocca-sillana-1024x1024.jpg\" class=\"attachment-large size-large\" alt=\"\" loading=\"lazy\" srcset=\"https:\/\/valdicecinaoutdoor.it\/wp-content\/uploads\/2023\/04\/box-rocca-sillana.jpg 1024w, https:\/\/valdicecinaoutdoor.it\/wp-content\/uploads\/2023\/04\/box-rocca-sillana-300x300.jpg 300w, https:\/\/valdicecinaoutdoor.it\/wp-content\/uploads\/2023\/04\/box-rocca-sillana-150x150.jpg 150w\" sizes=\"(max-width: 1024px) 100vw, 1024px\" \/><\/a><\/div><div class=\"wpb_text_column\" ><div class=\"wpb_wrapper\"><h3 style=\"text-align: center;\"><a href=\"https:\/\/volterratur.it\/en\/poi\/rocca-sillana\/\" target=\"_blank\" rel=\"noopener\"><br \/>\nRocca Sillana<\/a><\/h3>\n<p style=\"text-align: center;\"><strong>Ein befestigtes Dorf<\/strong><br \/>\nEin 360\u00b0-Blick \u00fcber den gr\u00f6\u00dften Teil der Toskana<\/p>\n<\/div><\/div><\/div><\/div><\/div><div class=\"vc_col-sm-3 wpb_column vc_column_container\"><div class=\"vc_column-inner\"><div class=\"wpb_wrapper\"><div class=\"w-image align_none\"><a title=\"Geothermisches Museum von Larderello\" target=\"_blank\" href=\"https:\/\/volterratur.it\/en\/poi\/geothermal-energy-museum\/\" rel=\"noopener\" aria-label=\"Link\" class=\"w-image-h\"><img width=\"1024\" height=\"1024\" src=\"https:\/\/valdicecinaoutdoor.it\/wp-content\/uploads\/2023\/04\/box-museo-geotermia-1024x1024.jpg\" class=\"attachment-large size-large\" alt=\"\" loading=\"lazy\" srcset=\"https:\/\/valdicecinaoutdoor.it\/wp-content\/uploads\/2023\/04\/box-museo-geotermia.jpg 1024w, https:\/\/valdicecinaoutdoor.it\/wp-content\/uploads\/2023\/04\/box-museo-geotermia-300x300.jpg 300w, https:\/\/valdicecinaoutdoor.it\/wp-content\/uploads\/2023\/04\/box-museo-geotermia-150x150.jpg 150w\" sizes=\"(max-width: 1024px) 100vw, 1024px\" \/><\/a><\/div><div class=\"wpb_text_column\" ><div class=\"wpb_wrapper\"><h3 style=\"text-align: center;\"><a href=\"https:\/\/volterratur.it\/en\/poi\/geothermal-energy-museum\/\" target=\"_blank\" rel=\"noopener\"><br \/>\nGeothermisches Museum<\/a><\/h3>\n<p style=\"text-align: center;\"><strong>In Larderello<\/strong><br \/>\nZwischen Technologie und Geowissenschaften<\/p>\n<\/div><\/div><\/div><\/div><\/div><div class=\"vc_col-sm-3 wpb_column vc_column_container\"><div class=\"vc_column-inner\"><div class=\"wpb_wrapper\"><div class=\"w-image align_none\"><a title=\"Bicocchi-Haus-Museum\" target=\"_blank\" href=\"https:\/\/volterratur.it\/en\/poi\/house-museum-bicocchi\/\" rel=\"noopener\" aria-label=\"Link\" class=\"w-image-h\"><img width=\"1024\" height=\"1024\" src=\"https:\/\/valdicecinaoutdoor.it\/wp-content\/uploads\/2023\/04\/box-casa-museo-bicocchi-1024x1024.jpg\" class=\"attachment-large size-large\" alt=\"\" loading=\"lazy\" srcset=\"https:\/\/valdicecinaoutdoor.it\/wp-content\/uploads\/2023\/04\/box-casa-museo-bicocchi.jpg 1024w, https:\/\/valdicecinaoutdoor.it\/wp-content\/uploads\/2023\/04\/box-casa-museo-bicocchi-300x300.jpg 300w, https:\/\/valdicecinaoutdoor.it\/wp-content\/uploads\/2023\/04\/box-casa-museo-bicocchi-150x150.jpg 150w\" sizes=\"(max-width: 1024px) 100vw, 1024px\" \/><\/a><\/div><div class=\"wpb_text_column\" ><div class=\"wpb_wrapper\"><h3 style=\"text-align: center;\"><a href=\"https:\/\/volterratur.it\/en\/poi\/house-museum-bicocchi\/\" target=\"_blank\" rel=\"noopener\"><br \/>\nPalazzo Bicocchi<\/a><\/h3>\n<p style=\"text-align: center;\"><strong>In Pomarance<\/strong><br \/>\nEin Querschnitt durch das b\u00fcrgerliche Leben im 19. JH<\/p>\n<\/div><\/div><\/div><\/div><\/div><div class=\"vc_col-sm-3 wpb_column vc_column_container\"><div class=\"vc_column-inner\"><div class=\"wpb_wrapper\"><div class=\"w-image align_none\"><a title=\"St\u00e4ndige Ausstellung von Kriegern und Handwerkern\" target=\"_blank\" href=\"https:\/\/volterratur.it\/en\/poi\/warriors-and-craftsmen-exhibition\/\" rel=\"noopener\" aria-label=\"Link\" class=\"w-image-h\"><img width=\"1024\" height=\"1024\" src=\"https:\/\/valdicecinaoutdoor.it\/wp-content\/uploads\/2023\/04\/box-mostra-guerrieri-1024x1024.jpg\" class=\"attachment-large size-large\" alt=\"\" loading=\"lazy\" srcset=\"https:\/\/valdicecinaoutdoor.it\/wp-content\/uploads\/2023\/04\/box-mostra-guerrieri.jpg 1024w, https:\/\/valdicecinaoutdoor.it\/wp-content\/uploads\/2023\/04\/box-mostra-guerrieri-300x300.jpg 300w, https:\/\/valdicecinaoutdoor.it\/wp-content\/uploads\/2023\/04\/box-mostra-guerrieri-150x150.jpg 150w\" sizes=\"(max-width: 1024px) 100vw, 1024px\" \/><\/a><\/div><div class=\"wpb_text_column\" ><div class=\"wpb_wrapper\"><h3 style=\"text-align: center;\"><a href=\"https:\/\/volterratur.it\/en\/poi\/warriors-and-craftsmen-exhibition\/\" target=\"_blank\" rel=\"noopener\"><br \/>\nKriegern und Handwerkern<\/a><\/h3>\n<p style=\"text-align: center;\"><strong>In Pomarance<\/strong><br \/>\nEine Ausstellung zwischen Eleganz und &#8220;Waffenberuf&#8221;<\/p>\n<\/div><\/div><\/div><\/div><\/div><\/div><\/div><\/section><section class=\"l-section wpb_row us_custom_0db20381 height_medium\"><div class=\"l-section-h i-cf\"><div class=\"g-cols vc_row type_default valign_top\"><div class=\"vc_col-sm-12 wpb_column vc_column_container\"><div class=\"vc_column-inner\"><div class=\"wpb_wrapper\"><div class=\"wpb_text_column\" ><div class=\"wpb_wrapper\"><p style=\"text-align: center;\"><strong>F\u00fcr Informationen und Reservierungen<\/strong><br \/>\nFremdenverkehrsb\u00fcro von Pomarance<br \/>\n<a href=\"mailto:ufficioturistico@comune.pomarance.pi.it\">ufficioturistico@comune.pomarance.pi.it<\/a><br \/>\n<a href=\"tel:0039058862089\">+39 0588 62089<\/a><\/p>\n<\/div><\/div><\/div><\/div><\/div><\/div><\/div><\/section>\n","protected":false},"excerpt":{"rendered":"[vc_custom_heading text=\"Museen, Kunst, Kultur\" font_container=\"tag:h1|text_align:left\" google_fonts=\"font_family:Rock%20Salt%3Aregular|font_style:400%20regular%3A400%3Anormal\" css=\"%7B%22default%22%3A%7B%22color%22%3A%22%23ffffff%22%2C%22font-size%22%3A%2242px%22%7D%7D\" el_class=\"wm-activity-page-banner-title\"][vc_custom_heading text=\"Die Kulturst\u00e4tten\" font_container=\"tag:h2|text_align:center\" use_theme_fonts=\"yes\" css=\"%7B%22default%22%3A%7B%22font-weight%22%3A%22600%22%2C%22font-size%22%3A%2230px%22%7D%7D\"]Museen, Kunst und Kultur: Nahrung f\u00fcr Geist und Seele&#8230; eine Toskana zum Kennenlernen Rocca Sillana Ein befestigtes Dorf Ein 360\u00b0-Blick \u00fcber den gr\u00f6\u00dften Teil der Toskana Geothermisches Museum In Larderello Zwischen Technologie und Geowissenschaften Palazzo Bicocchi In Pomarance Ein Querschnitt durch das b\u00fcrgerliche...","protected":false},"author":8,"featured_media":15554,"parent":0,"menu_order":0,"comment_status":"closed","ping_status":"closed","template":"","meta":[],"yoast_head":"<!-- This site is optimized with the Yoast SEO plugin v18.2 - https:\/\/yoast.com\/wordpress\/plugins\/seo\/ -->\n<title>Museen in Valdicecina | Valdicecina im Freien<\/title>\n<meta name=\"description\" content=\"Museen, Kunst und Kultur: Nahrung f\u00fcr Geist und Seele... eine Toskana zum Kennenlernen und Entdecken, ein \u00fcberraschendes Land.\" \/>\n<meta name=\"robots\" content=\"index, follow, max-snippet:-1, max-image-preview:large, max-video-preview:-1\" \/>\n<link rel=\"canonical\" href=\"https:\/\/valdicecinaoutdoor.it\/de\/kultur\/\" \/>\n<meta property=\"og:locale\" content=\"de_DE\" \/>\n<meta property=\"og:type\" content=\"article\" \/>\n<meta property=\"og:title\" content=\"Museen in Valdicecina | Valdicecina Outdoor\" \/>\n<meta property=\"og:description\" content=\"Museen, Kunst und Kultur: Nahrung f\u00fcr Geist und Seele... eine Toskana zum Kennenlernen und Entdecken, ein \u00fcberraschendes Land.\" \/>\n<meta property=\"og:url\" content=\"https:\/\/valdicecinaoutdoor.it\/de\/kultur\/\" \/>\n<meta property=\"og:site_name\" content=\"Val di Cecina outdoor\" \/>\n<meta property=\"article:publisher\" content=\"https:\/\/m.facebook.com\/valdicecinaoutdoor\/\" \/>\n<meta property=\"article:modified_time\" content=\"2023-04-13T16:37:30+00:00\" \/>\n<meta property=\"og:image\" content=\"https:\/\/valdicecinaoutdoor.it\/wp-content\/uploads\/2020\/09\/Sfilata-delle-Contrade-storiche-del-Palio-di-Pomarance-2-1024x780.jpg\" \/>\n<meta name=\"twitter:card\" content=\"summary_large_image\" \/>\n<meta name=\"twitter:title\" content=\"Museen in Valdicecina | Valdicecina im Freien\" \/>\n<meta name=\"twitter:description\" content=\"Museen, Kunst und Kultur: Nahrung f\u00fcr Geist und Seele... eine Toskana zum Kennenlernen und Entdecken, ein \u00fcberraschendes Land.\" \/>\n<meta name=\"twitter:image\" content=\"https:\/\/valdicecinaoutdoor.it\/wp-content\/uploads\/2020\/09\/Sfilata-delle-Contrade-storiche-del-Palio-di-Pomarance-2.jpg\" \/>\n<meta name=\"twitter:label1\" content=\"Est. reading time\" \/>\n\t<meta name=\"twitter:data1\" content=\"2 minutes\" \/>\n<script type=\"application\/ld+json\" class=\"yoast-schema-graph\">{\"@context\":\"https:\/\/schema.org\",\"@graph\":[{\"@type\":\"Organization\",\"@id\":\"https:\/\/valdicecinaoutdoor.it\/en\/#organization\",\"name\":\"Valdicecina Outdoor\",\"url\":\"https:\/\/valdicecinaoutdoor.it\/en\/\",\"sameAs\":[\"https:\/\/m.facebook.com\/valdicecinaoutdoor\/\",\"https:\/\/www.instagram.com\/valdicecina_outdoor\/\"],\"logo\":{\"@type\":\"ImageObject\",\"@id\":\"https:\/\/valdicecinaoutdoor.it\/en\/#logo\",\"inLanguage\":\"de-DE\",\"url\":\"https:\/\/valdicecinaoutdoor.it\/wp-content\/uploads\/2020\/09\/valdicecinaoutdoor-logo-home.png\",\"contentUrl\":\"https:\/\/valdicecinaoutdoor.it\/wp-content\/uploads\/2020\/09\/valdicecinaoutdoor-logo-home.png\",\"width\":252,\"height\":311,\"caption\":\"Valdicecina Outdoor\"},\"image\":{\"@id\":\"https:\/\/valdicecinaoutdoor.it\/en\/#logo\"}},{\"@type\":\"WebSite\",\"@id\":\"https:\/\/valdicecinaoutdoor.it\/en\/#website\",\"url\":\"https:\/\/valdicecinaoutdoor.it\/en\/\",\"name\":\"Val di Cecina outdoor\",\"description\":\"Itinerari unici nella Toscana\",\"publisher\":{\"@id\":\"https:\/\/valdicecinaoutdoor.it\/en\/#organization\"},\"potentialAction\":[{\"@type\":\"SearchAction\",\"target\":{\"@type\":\"EntryPoint\",\"urlTemplate\":\"https:\/\/valdicecinaoutdoor.it\/en\/?s={search_term_string}\"},\"query-input\":\"required name=search_term_string\"}],\"inLanguage\":\"de-DE\"},{\"@type\":\"ImageObject\",\"@id\":\"https:\/\/valdicecinaoutdoor.it\/de\/kultur\/#primaryimage\",\"inLanguage\":\"de-DE\",\"url\":\"\",\"contentUrl\":\"\"},{\"@type\":\"WebPage\",\"@id\":\"https:\/\/valdicecinaoutdoor.it\/de\/kultur\/#webpage\",\"url\":\"https:\/\/valdicecinaoutdoor.it\/de\/kultur\/\",\"name\":\"Museen in Valdicecina | Valdicecina im Freien\",\"isPartOf\":{\"@id\":\"https:\/\/valdicecinaoutdoor.it\/en\/#website\"},\"primaryImageOfPage\":{\"@id\":\"https:\/\/valdicecinaoutdoor.it\/de\/kultur\/#primaryimage\"},\"datePublished\":\"2023-04-13T14:27:50+00:00\",\"dateModified\":\"2023-04-13T16:37:30+00:00\",\"description\":\"Museen, Kunst und Kultur: Nahrung f\u00fcr Geist und Seele... eine Toskana zum Kennenlernen und Entdecken, ein \u00fcberraschendes Land.\",\"breadcrumb\":{\"@id\":\"https:\/\/valdicecinaoutdoor.it\/de\/kultur\/#breadcrumb\"},\"inLanguage\":\"de-DE\",\"potentialAction\":[{\"@type\":\"ReadAction\",\"target\":[\"https:\/\/valdicecinaoutdoor.it\/de\/kultur\/\"]}]},{\"@type\":\"BreadcrumbList\",\"@id\":\"https:\/\/valdicecinaoutdoor.it\/de\/kultur\/#breadcrumb\",\"itemListElement\":[{\"@type\":\"ListItem\",\"position\":1,\"name\":\"Home\",\"item\":\"https:\/\/valdicecinaoutdoor.it\/de\/\"},{\"@type\":\"ListItem\",\"position\":2,\"name\":\"Kultur\"}]}]}<\/script>\n<!-- \/ Yoast SEO plugin. -->","yoast_head_json":{"title":"Museen in Valdicecina | Valdicecina im Freien","description":"Museen, Kunst und Kultur: Nahrung f\u00fcr Geist und Seele... eine Toskana zum Kennenlernen und Entdecken, ein \u00fcberraschendes Land.","robots":{"index":"index","follow":"follow","max-snippet":"max-snippet:-1","max-image-preview":"max-image-preview:large","max-video-preview":"max-video-preview:-1"},"canonical":"https:\/\/valdicecinaoutdoor.it\/de\/kultur\/","og_locale":"de_DE","og_type":"article","og_title":"Museen in Valdicecina | Valdicecina Outdoor","og_description":"Museen, Kunst und Kultur: Nahrung f\u00fcr Geist und Seele... eine Toskana zum Kennenlernen und Entdecken, ein \u00fcberraschendes Land.","og_url":"https:\/\/valdicecinaoutdoor.it\/de\/kultur\/","og_site_name":"Val di Cecina outdoor","article_publisher":"https:\/\/m.facebook.com\/valdicecinaoutdoor\/","article_modified_time":"2023-04-13T16:37:30+00:00","og_image":[{"url":"https:\/\/valdicecinaoutdoor.it\/wp-content\/uploads\/2020\/09\/Sfilata-delle-Contrade-storiche-del-Palio-di-Pomarance-2-1024x780.jpg"}],"twitter_card":"summary_large_image","twitter_title":"Museen in Valdicecina | Valdicecina im Freien","twitter_description":"Museen, Kunst und Kultur: Nahrung f\u00fcr Geist und Seele... eine Toskana zum Kennenlernen und Entdecken, ein \u00fcberraschendes Land.","twitter_image":"https:\/\/valdicecinaoutdoor.it\/wp-content\/uploads\/2020\/09\/Sfilata-delle-Contrade-storiche-del-Palio-di-Pomarance-2.jpg","twitter_misc":{"Est. reading time":"2 minutes"},"schema":{"@context":"https:\/\/schema.org","@graph":[{"@type":"Organization","@id":"https:\/\/valdicecinaoutdoor.it\/en\/#organization","name":"Valdicecina Outdoor","url":"https:\/\/valdicecinaoutdoor.it\/en\/","sameAs":["https:\/\/m.facebook.com\/valdicecinaoutdoor\/","https:\/\/www.instagram.com\/valdicecina_outdoor\/"],"logo":{"@type":"ImageObject","@id":"https:\/\/valdicecinaoutdoor.it\/en\/#logo","inLanguage":"de-DE","url":"https:\/\/valdicecinaoutdoor.it\/wp-content\/uploads\/2020\/09\/valdicecinaoutdoor-logo-home.png","contentUrl":"https:\/\/valdicecinaoutdoor.it\/wp-content\/uploads\/2020\/09\/valdicecinaoutdoor-logo-home.png","width":252,"height":311,"caption":"Valdicecina Outdoor"},"image":{"@id":"https:\/\/valdicecinaoutdoor.it\/en\/#logo"}},{"@type":"WebSite","@id":"https:\/\/valdicecinaoutdoor.it\/en\/#website","url":"https:\/\/valdicecinaoutdoor.it\/en\/","name":"Val di Cecina outdoor","description":"Itinerari unici nella Toscana","publisher":{"@id":"https:\/\/valdicecinaoutdoor.it\/en\/#organization"},"potentialAction":[{"@type":"SearchAction","target":{"@type":"EntryPoint","urlTemplate":"https:\/\/valdicecinaoutdoor.it\/en\/?s={search_term_string}"},"query-input":"required name=search_term_string"}],"inLanguage":"de-DE"},{"@type":"ImageObject","@id":"https:\/\/valdicecinaoutdoor.it\/de\/kultur\/#primaryimage","inLanguage":"de-DE","url":"","contentUrl":""},{"@type":"WebPage","@id":"https:\/\/valdicecinaoutdoor.it\/de\/kultur\/#webpage","url":"https:\/\/valdicecinaoutdoor.it\/de\/kultur\/","name":"Museen in Valdicecina | Valdicecina im Freien","isPartOf":{"@id":"https:\/\/valdicecinaoutdoor.it\/en\/#website"},"primaryImageOfPage":{"@id":"https:\/\/valdicecinaoutdoor.it\/de\/kultur\/#primaryimage"},"datePublished":"2023-04-13T14:27:50+00:00","dateModified":"2023-04-13T16:37:30+00:00","description":"Museen, Kunst und Kultur: Nahrung f\u00fcr Geist und Seele... eine Toskana zum Kennenlernen und Entdecken, ein \u00fcberraschendes Land.","breadcrumb":{"@id":"https:\/\/valdicecinaoutdoor.it\/de\/kultur\/#breadcrumb"},"inLanguage":"de-DE","potentialAction":[{"@type":"ReadAction","target":["https:\/\/valdicecinaoutdoor.it\/de\/kultur\/"]}]},{"@type":"BreadcrumbList","@id":"https:\/\/valdicecinaoutdoor.it\/de\/kultur\/#breadcrumb","itemListElement":[{"@type":"ListItem","position":1,"name":"Home","item":"https:\/\/valdicecinaoutdoor.it\/de\/"},{"@type":"ListItem","position":2,"name":"Kultur"}]}]}},"menu_color":"","menu_icon":"","acf":[],"wpml_current_locale":"de_DE","wpml_translations":[{"locale":"en_US","id":15519,"post_title":"Culture","href":"https:\/\/valdicecinaoutdoor.it\/en\/culture\/"},{"locale":"it_IT","id":15517,"post_title":"Cultura","href":"https:\/\/valdicecinaoutdoor.it\/cultura\/"}],"_links":{"self":[{"href":"https:\/\/valdicecinaoutdoor.it\/de\/wp-json\/wp\/v2\/pages\/15518"}],"collection":[{"href":"https:\/\/valdicecinaoutdoor.it\/de\/wp-json\/wp\/v2\/pages"}],"about":[{"href":"https:\/\/valdicecinaoutdoor.it\/de\/wp-json\/wp\/v2\/types\/page"}],"author":[{"embeddable":true,"href":"https:\/\/valdicecinaoutdoor.it\/de\/wp-json\/wp\/v2\/users\/8"}],"replies":[{"embeddable":true,"href":"https:\/\/valdicecinaoutdoor.it\/de\/wp-json\/wp\/v2\/comments?post=15518"}],"version-history":[{"count":5,"href":"https:\/\/valdicecinaoutdoor.it\/de\/wp-json\/wp\/v2\/pages\/15518\/revisions"}],"predecessor-version":[{"id":15730,"href":"https:\/\/valdicecinaoutdoor.it\/de\/wp-json\/wp\/v2\/pages\/15518\/revisions\/15730"}],"wp:featuredmedia":[{"embeddable":true,"href":"https:\/\/valdicecinaoutdoor.it\/de\/wp-json\/wp\/v2\/media\/15554"}],"wp:attachment":[{"href":"https:\/\/valdicecinaoutdoor.it\/de\/wp-json\/wp\/v2\/media?parent=15518"}],"curies":[{"name":"wp","href":"https:\/\/api.w.org\/{rel}","templated":true}]}}