{"id":14993,"date":"2023-02-15T10:53:02","date_gmt":"2023-02-15T10:53:02","guid":{"rendered":"https:\/\/valdicecinaoutdoor.it\/orte-entdecken\/"},"modified":"2023-02-17T10:52:09","modified_gmt":"2023-02-17T10:52:09","slug":"orte-entdecken","status":"publish","type":"page","link":"https:\/\/valdicecinaoutdoor.it\/de\/orte-entdecken\/","title":{"rendered":"Orte entdecken"},"content":{"rendered":"<section class=\"l-section wpb_row height_medium wm-activity-page-banner-container\"><div class=\"l-section-h i-cf\"><div class=\"g-cols vc_row type_default valign_top\"><div class=\"vc_col-sm-12 wpb_column vc_column_container wm-activity-page-banner-row\"><div class=\"vc_column-inner us_custom_dd645f08\"><div class=\"wpb_wrapper\">[vc_custom_heading text=&#8221;VALDICECINA OUTDOOR&#8221; font_container=&#8221;tag:h1|text_align:left&#8221; google_fonts=&#8221;font_family:Rock%20Salt%3Aregular|font_style:400%20regular%3A400%3Anormal&#8221; css=&#8221;%7B%22default%22%3A%7B%22color%22%3A%22%23ffffff%22%2C%22font-size%22%3A%2242px%22%7D%7D&#8221; el_class=&#8221;wm-activity-page-banner-title&#8221;]<\/div><\/div><\/div><\/div><\/div><\/section><section class=\"l-section wpb_row height_medium\"><div class=\"l-section-h i-cf\"><div class=\"g-cols vc_row type_default valign_top\"><div class=\"vc_col-sm-12 wpb_column vc_column_container\"><div class=\"vc_column-inner\"><div class=\"wpb_wrapper\"><div class=\"wpb_text_column\" ><div class=\"wpb_wrapper\"><p><strong>Das Alta Val di Cecina<\/strong>, eine wundersch\u00f6ne, wilde Gegend, in der Mensch und Natur seit Jahrtausenden harmonisch zusammenleben, bietet unz\u00e4hlige M\u00f6glichkeiten f\u00fcr alle, die <strong>die Natur lieben und den Charme eines Toskana-Urlaubs suchen<\/strong>.<\/p>\n<p><strong>Unber\u00fchrte W\u00e4lder<\/strong> beherbergen eine au\u00dfergew\u00f6hnliche Vielfalt an Tieren und Pflanzen, kristallklare B\u00e4che und <strong>nat\u00fcrliche Pools<\/strong>, in denen man sich in der Sommerhitze erfrischen kann, werden von <strong>Geysiren und Bl\u00e4sern<\/strong>, den au\u00dfergew\u00f6hnlichen Fr\u00fcchten der <strong>geothermischen Energie<\/strong>, kontrastiert.<\/p>\n<p>In nur wenigen Schritten verl\u00e4sst man die <strong>alten Siedlungen &#8211; kleine D\u00f6rfer<\/strong>, ehemalige <strong>mittelalterliche Burgen oder alte etruskische und dann r\u00f6mische Siedlungen<\/strong> &#8211; um sich in dichten Steineichenw\u00e4ldern zu verlieren, wo der Wolf zur\u00fcckgekehrt ist, um unser Land zu entdecken, wie es vor uns war&#8230; und wie es heute noch ist.<\/p>\n<p><strong>Ob zu Pferd oder zu Fu\u00df<\/strong>, mit dem Fahrrad auf sicheren Wegen und ruhigen Stra\u00dfen, <strong>das Alta Val di Cecina<\/strong> kann man zu jeder Jahreszeit in aller Ruhe entdecken, um <strong>die Toskana zu erleben<\/strong>, die man nicht erwartet!<\/p>\n<figure id=\"attachment_3703\" class=\"wp-caption aligncenter\" aria-describedby=\"caption-attachment-3703\"><\/figure>\n<\/div><\/div><\/div><\/div><\/div><\/div><\/div><\/section><section class=\"l-section wpb_row height_small\"><div class=\"l-section-h i-cf\"><div class=\"g-cols vc_row type_default valign_top\"><div class=\"vc_col-sm-12 wpb_column vc_column_container has-fill riserve-gallery-row with_overlay\"><div class=\"vc_column-inner us_custom_5a27b6a8\"><div class=\"vc_column-overlay\" style=\"background:rgba(0,0,0,0.50)\"><\/div><div class=\"wpb_wrapper\"><div class=\"w-slider us_custom_f558baf0 style_none fit_scaledown riserve-gallery-block\"><div class=\"w-slider-h\"><div class=\"royalSlider\"><div class=\"rsContent\"><a class=\"rsImg\" data-rsw=\"810\" data-rsh=\"540\" data-rsBigImg=\"https:\/\/valdicecinaoutdoor.it\/wp-content\/uploads\/2020\/09\/Le-terre-fumanti-dellarea-geotermica-1-scaled.jpg\" href=\"https:\/\/valdicecinaoutdoor.it\/wp-content\/uploads\/2020\/09\/Le-terre-fumanti-dellarea-geotermica-1-scaled.jpg\"><span data-alt=\"\"><\/span><\/a><\/div><div class=\"rsContent\"><a class=\"rsImg\" data-rsw=\"720\" data-rsh=\"540\" data-rsBigImg=\"https:\/\/valdicecinaoutdoor.it\/wp-content\/uploads\/2020\/12\/Masso-delle-Fanciulle-sul-fiume-Cecina-nella-Riserva-Naturale-di-Berignone-scaled.jpg\" href=\"https:\/\/valdicecinaoutdoor.it\/wp-content\/uploads\/2020\/12\/Masso-delle-Fanciulle-sul-fiume-Cecina-nella-Riserva-Naturale-di-Berignone-scaled.jpg\"><span data-alt=\"\"><\/span><\/a><\/div><div class=\"rsContent\"><a class=\"rsImg\" data-rsw=\"810\" data-rsh=\"540\" data-rsBigImg=\"https:\/\/valdicecinaoutdoor.it\/wp-content\/uploads\/2020\/12\/Montecatini-VC-Panorama-ok.jpg\" href=\"https:\/\/valdicecinaoutdoor.it\/wp-content\/uploads\/2020\/12\/Montecatini-VC-Panorama-ok.jpg\"><span data-alt=\"\"><\/span><\/a><\/div><div class=\"rsContent\"><a class=\"rsImg\" data-rsw=\"810\" data-rsh=\"540\" data-rsBigImg=\"https:\/\/valdicecinaoutdoor.it\/wp-content\/uploads\/2020\/12\/monteverdiyuri-ok.jpg\" href=\"https:\/\/valdicecinaoutdoor.it\/wp-content\/uploads\/2020\/12\/monteverdiyuri-ok.jpg\"><span data-alt=\"\"><\/span><\/a><\/div><div class=\"rsContent\"><a class=\"rsImg\" data-rsw=\"720\" data-rsh=\"540\" data-rsBigImg=\"https:\/\/valdicecinaoutdoor.it\/wp-content\/uploads\/2020\/12\/piedipioggiaberignone.jpg\" href=\"https:\/\/valdicecinaoutdoor.it\/wp-content\/uploads\/2020\/12\/piedipioggiaberignone.jpg\"><span data-alt=\"\"><\/span><\/a><\/div><div class=\"rsContent\"><a class=\"rsImg\" data-rsw=\"810\" data-rsh=\"540\" data-rsBigImg=\"https:\/\/valdicecinaoutdoor.it\/wp-content\/uploads\/2020\/12\/Pomarance-e-sullo-sfondo-Volterra-e-lAppennino-Tosco-Emiliano-scaled.jpg\" href=\"https:\/\/valdicecinaoutdoor.it\/wp-content\/uploads\/2020\/12\/Pomarance-e-sullo-sfondo-Volterra-e-lAppennino-Tosco-Emiliano-scaled.jpg\"><span data-alt=\"\"><\/span><\/a><\/div><div class=\"rsContent\"><a class=\"rsImg\" data-rsw=\"810\" data-rsh=\"538\" data-rsBigImg=\"https:\/\/valdicecinaoutdoor.it\/wp-content\/uploads\/2020\/12\/Pomarance-Veduta-da-Volterra.jpg\" href=\"https:\/\/valdicecinaoutdoor.it\/wp-content\/uploads\/2020\/12\/Pomarance-Veduta-da-Volterra.jpg\"><span data-alt=\"\"><\/span><\/a><\/div><div class=\"rsContent\"><a class=\"rsImg\" data-rsw=\"810\" data-rsh=\"486\" data-rsBigImg=\"https:\/\/valdicecinaoutdoor.it\/wp-content\/uploads\/2020\/12\/cropped-foto-2.jpg\" href=\"https:\/\/valdicecinaoutdoor.it\/wp-content\/uploads\/2020\/12\/cropped-foto-2.jpg\"><span data-alt=\"\"><\/span><\/a><\/div><\/div><img src=\"https:\/\/valdicecinaoutdoor.it\/wp-content\/uploads\/2020\/09\/Le-terre-fumanti-dellarea-geotermica-1-scaled.jpg\" width=\"810\" height=\"540\" alt loading=\"lazy\"><\/div><div class=\"w-slider-json\" onclick='return {&quot;loop&quot;:true,&quot;fadeInLoadedSlide&quot;:false,&quot;slidesSpacing&quot;:0,&quot;imageScalePadding&quot;:0,&quot;numImagesToPreload&quot;:2,&quot;arrowsNav&quot;:true,&quot;arrowsNavAutoHide&quot;:false,&quot;transitionType&quot;:&quot;move&quot;,&quot;transitionSpeed&quot;:300,&quot;block&quot;:{&quot;moveEffect&quot;:&quot;none&quot;,&quot;speed&quot;:300},&quot;controlNavigation&quot;:&quot;none&quot;,&quot;fullscreen&quot;:{&quot;enabled&quot;:true},&quot;imageScaleMode&quot;:&quot;fit-if-smaller&quot;,&quot;autoScaleSlider&quot;:true,&quot;autoScaleSliderWidth&quot;:810,&quot;autoScaleSliderHeight&quot;:540,&quot;fitInViewport&quot;:false}'><\/div><\/div><\/div><\/div><\/div><\/div><\/div><\/section><section class=\"l-section wpb_row us_custom_98abde2d height_medium\" id=\"parks\"><div class=\"l-section-h i-cf\"><div class=\"g-cols vc_row type_default valign_top\"><div class=\"vc_col-sm-12 wpb_column vc_column_container\"><div class=\"vc_column-inner\"><div class=\"wpb_wrapper\">[vc_custom_heading text=&#8221;Parks&#8221; font_container=&#8221;tag:h2|text_align:center&#8221; use_theme_fonts=&#8221;yes&#8221; css=&#8221;%7B%22default%22%3A%7B%22color%22%3A%22%2349341D%22%2C%22font-weight%22%3A%22800%22%2C%22font-size%22%3A%2240px%22%7D%7D&#8221;]<div class=\"w-grid type_grid layout_4088 cols_3 ratio_1x1\" id=\"us_grid_1\"><style id=\"us_grid_1_css\">#us_grid_1 .w-grid-item{padding:10px}#us_grid_1 .w-grid-list{margin:-10px}.w-grid + #us_grid_1 .w-grid-list{margin-top:10px}@media (max-width:959px){#us_grid_1 .w-grid-item{width:50.0000%}#us_grid_1 .w-grid-item.size_2x1,#us_grid_1 .w-grid-item.size_2x2{width:100.0000%}}@media (max-width:599px){#us_grid_1 .w-grid-list{margin:0}#us_grid_1 .w-grid-item{width:100.0000%;padding:0;margin-bottom:10px}}<\/style><style>.layout_4088 .w-grid-item-h:before{padding-bottom:100.0000%}@media (min-width:600px){.layout_4088 .w-grid-item.size_1x2 .w-grid-item-h:before{padding-bottom:calc(200.0000% + 10px + 10px)}.layout_4088 .w-grid-item.size_2x1 .w-grid-item-h:before{padding-bottom:calc(50.0000% - 10px * 1.0000)}.layout_4088 .w-grid-item.size_2x2 .w-grid-item-h:before{padding-bottom:calc(100.0000% - 10px * 0)}}.layout_4088 .w-grid-item-h{}.layout_4088 .usg_post_image_1{transition-duration:0.4s;transform-origin:50% 50%;transform:scale(1) translate(0%,0%)}.layout_4088 .w-grid-item-h:hover .usg_post_image_1{transform:scale(1) translate(0%,0%);opacity:1}.layout_4088 .usg_vwrapper_1{transition-duration:0.3s;transform-origin:50% 50%;transform:scale(1) translate(0%,0%)}.layout_4088 .w-grid-item-h:hover .usg_vwrapper_1{transform:scale(1) translate(0%,0%);opacity:1;background:rgba(73,52,29,0.35)!important}.layout_4088 .usg_post_title_1{transition-duration:0.3s;transform-origin:50% 50%;transform:scale(1) translate(0%,0%)}.layout_4088 .w-grid-item-h:hover .usg_post_title_1{transform:scale(1) translate(0%,0%);opacity:1}.layout_4088 .usg_post_image_1{position:absolute!important;left:0!important;top:0!important;bottom:0!important;right:0!important}.layout_4088 .usg_vwrapper_1{position:absolute!important;left:0!important;top:0!important;bottom:0!important;right:0!important;padding:2rem!important;background:rgba(73,52,29,0.20)!important}.layout_4088 .usg_post_title_1{color:#ffffff!important;font-weight:800!important;font-size:26px!important}.layout_4088 .usg_post_taxonomy_1{color:#ffffff!important}<\/style><div class=\"w-grid-list\" >\t<article class=\"w-grid-item size_1x1 post-14942 page type-page status-publish has-post-thumbnail hentry\" data-id=\"14942\">\r\n\t\t<div class=\"w-grid-item-h\">\r\n\t\t\t\t\t\t<div class=\"w-post-elm post_image usg_post_image_1 stretched\"><a href=\"https:\/\/valdicecinaoutdoor.it\/de\/monterufoli-naturpark-caselli\/\" aria-label=\"Monterufoli Naturpark Caselli\"><img width=\"1024\" height=\"768\" src=\"https:\/\/valdicecinaoutdoor.it\/wp-content\/uploads\/2020\/09\/Il-torrente-Sterza-nella-Riserva-Naturale-di-Monterufoli-Caselli-ok-rip-6-1024x768.jpg\" class=\"attachment-large size-large wp-post-image\" alt=\"\" loading=\"lazy\" srcset=\"https:\/\/valdicecinaoutdoor.it\/wp-content\/uploads\/2020\/09\/Il-torrente-Sterza-nella-Riserva-Naturale-di-Monterufoli-Caselli-ok-rip-6-1024x768.jpg 1024w, https:\/\/valdicecinaoutdoor.it\/wp-content\/uploads\/2020\/09\/Il-torrente-Sterza-nella-Riserva-Naturale-di-Monterufoli-Caselli-ok-rip-6-300x225.jpg 300w, https:\/\/valdicecinaoutdoor.it\/wp-content\/uploads\/2020\/09\/Il-torrente-Sterza-nella-Riserva-Naturale-di-Monterufoli-Caselli-ok-rip-6.jpg 1080w\" sizes=\"(max-width: 1024px) 100vw, 1024px\" \/><\/a><\/div><div class=\"w-vwrapper usg_vwrapper_1 align_center valign_bottom wm-box-inevidenza-content\" style=\"--vwrapper-gap:0\"><h2 class=\"w-post-elm post_title usg_post_title_1 entry-title color_link_inherit has_text_color\"><a href=\"https:\/\/valdicecinaoutdoor.it\/de\/monterufoli-naturpark-caselli\/\">Monterufoli Naturpark Caselli<\/a><\/h2><\/div>\t\t<\/div>\r\n\t<\/article>\r\n\t<article class=\"w-grid-item size_1x1 post-14953 page type-page status-publish has-post-thumbnail hentry\" data-id=\"14953\">\r\n\t\t<div class=\"w-grid-item-h\">\r\n\t\t\t\t\t\t<div class=\"w-post-elm post_image usg_post_image_1 stretched\"><a href=\"https:\/\/valdicecinaoutdoor.it\/de\/naturschutzgebiet-montenero\/\" aria-label=\"Naturschutzgebiet Montenero\"><img width=\"1024\" height=\"768\" src=\"https:\/\/valdicecinaoutdoor.it\/wp-content\/uploads\/2020\/09\/3-Capannone-2-2-1024x768.jpg\" class=\"attachment-large size-large wp-post-image\" alt=\"\" loading=\"lazy\" srcset=\"https:\/\/valdicecinaoutdoor.it\/wp-content\/uploads\/2020\/09\/3-Capannone-2-2-1024x768.jpg 1024w, https:\/\/valdicecinaoutdoor.it\/wp-content\/uploads\/2020\/09\/3-Capannone-2-2.jpg 1200w\" sizes=\"(max-width: 1024px) 100vw, 1024px\" \/><\/a><\/div><div class=\"w-vwrapper usg_vwrapper_1 align_center valign_bottom wm-box-inevidenza-content\" style=\"--vwrapper-gap:0\"><h2 class=\"w-post-elm post_title usg_post_title_1 entry-title color_link_inherit has_text_color\"><a href=\"https:\/\/valdicecinaoutdoor.it\/de\/naturschutzgebiet-montenero\/\">Naturschutzgebiet Montenero<\/a><\/h2><\/div>\t\t<\/div>\r\n\t<\/article>\r\n\t<article class=\"w-grid-item size_1x1 post-14956 page type-page status-publish has-post-thumbnail hentry\" data-id=\"14956\">\r\n\t\t<div class=\"w-grid-item-h\">\r\n\t\t\t\t\t\t<div class=\"w-post-elm post_image usg_post_image_1 stretched\"><a href=\"https:\/\/valdicecinaoutdoor.it\/de\/berignon-naturschutzgebiet\/\" aria-label=\"Berignon-Naturschutzgebiet\"><img width=\"1024\" height=\"768\" src=\"https:\/\/valdicecinaoutdoor.it\/wp-content\/uploads\/2020\/09\/Masso-delle-Fanciulle-sul-fiume-Cecina-nella-Riserva-Naturale-di-Berignone-ok-3-1024x768.jpg\" class=\"attachment-large size-large wp-post-image\" alt=\"\" loading=\"lazy\" srcset=\"https:\/\/valdicecinaoutdoor.it\/wp-content\/uploads\/2020\/09\/Masso-delle-Fanciulle-sul-fiume-Cecina-nella-Riserva-Naturale-di-Berignone-ok-3-1024x768.jpg 1024w, https:\/\/valdicecinaoutdoor.it\/wp-content\/uploads\/2020\/09\/Masso-delle-Fanciulle-sul-fiume-Cecina-nella-Riserva-Naturale-di-Berignone-ok-3.jpg 1080w\" sizes=\"(max-width: 1024px) 100vw, 1024px\" \/><\/a><\/div><div class=\"w-vwrapper usg_vwrapper_1 align_center valign_bottom wm-box-inevidenza-content\" style=\"--vwrapper-gap:0\"><h2 class=\"w-post-elm post_title usg_post_title_1 entry-title color_link_inherit has_text_color\"><a href=\"https:\/\/valdicecinaoutdoor.it\/de\/berignon-naturschutzgebiet\/\">Berignon-Naturschutzgebiet<\/a><\/h2><\/div>\t\t<\/div>\r\n\t<\/article>\r\n<\/div><div class=\"w-grid-preloader\"><div class=\"g-preloader type_1\">\r\n\t<div><\/div>\r\n<\/div>\r\n<\/div>\t<div class=\"w-grid-json hidden\" onclick='return {&quot;action&quot;:&quot;us_ajax_grid&quot;,&quot;ajax_url&quot;:&quot;https:\\\/\\\/valdicecinaoutdoor.it\\\/wp-admin\\\/admin-ajax.php&quot;,&quot;infinite_scroll&quot;:0,&quot;max_num_pages&quot;:1,&quot;pagination&quot;:&quot;none&quot;,&quot;permalink_url&quot;:&quot;https:\\\/\\\/valdicecinaoutdoor.it\\\/de\\\/wp-json\\\/wp\\\/v2\\\/pages\\\/14993\\\/&quot;,&quot;template_vars&quot;:{&quot;columns&quot;:&quot;3&quot;,&quot;exclude_items&quot;:&quot;none&quot;,&quot;img_size&quot;:&quot;default&quot;,&quot;ignore_items_size&quot;:false,&quot;items_layout&quot;:&quot;4088&quot;,&quot;items_offset&quot;:&quot;1&quot;,&quot;load_animation&quot;:&quot;none&quot;,&quot;overriding_link&quot;:&quot;none&quot;,&quot;post_id&quot;:14993,&quot;query_args&quot;:{&quot;ignore_sticky_posts&quot;:1,&quot;post_type&quot;:&quot;any&quot;,&quot;post__in&quot;:[&quot;4308&quot;,&quot;4303&quot;,&quot;4239&quot;],&quot;posts_per_page&quot;:&quot;3&quot;},&quot;orderby_query_args&quot;:{&quot;orderby&quot;:{&quot;menu_order&quot;:&quot;ASC&quot;},&quot;order&quot;:&quot;ASC&quot;},&quot;type&quot;:&quot;grid&quot;,&quot;us_grid_ajax_index&quot;:1,&quot;us_grid_filter_params&quot;:null,&quot;us_grid_index&quot;:1,&quot;_us_grid_post_type&quot;:&quot;ids&quot;,&quot;lang&quot;:&quot;de&quot;}}'><\/div>\r\n\t<\/div><div class=\"w-separator size_medium\"><\/div><\/div><\/div><\/div><\/div><\/div><\/section>\n","protected":false},"excerpt":{"rendered":"Home Berignon-NaturschutzgebietEinf\u00fchrungFlora und W\u00e4lderFaunaGeologie, Bergweke und MineralienFl\u00fcsse und B\u00e4cheDie Zeichen des MenschenEinf\u00fchrungDas Schutzgebiet erstreckt sich zwischen den Gemeinden Volterra und Pomarance \u00fcber eine Fl\u00e4che von mehr als zweitausend Hektar, die heute auf europ\u00e4ischer Ebene als besonderes Schutzgebiet anerkannt ist. Neben den B\u00e4chen Fosci und Sellate flie\u00dft auch der Fluss Cecina ein St\u00fcck weit durch das...","protected":false},"author":3,"featured_media":13554,"parent":0,"menu_order":0,"comment_status":"closed","ping_status":"closed","template":"scopri-luoghi.php","meta":[],"yoast_head":"<!-- This site is optimized with the Yoast SEO plugin v18.2 - https:\/\/yoast.com\/wordpress\/plugins\/seo\/ -->\n<title>Orte entdecken | Valdicecina Outdoor<\/title>\n<meta name=\"description\" content=\"Das Alta Valdicececina ist ein wundersch\u00f6nes und wildes Land und bietet unz\u00e4hlige M\u00f6glichkeiten f\u00fcr Besuche f\u00fcr diejenigen, die einen aktiven Urlaub in der Toskana lieben.\" \/>\n<meta name=\"robots\" content=\"index, follow, max-snippet:-1, max-image-preview:large, max-video-preview:-1\" \/>\n<link rel=\"canonical\" href=\"https:\/\/valdicecinaoutdoor.it\/de\/orte-entdecken\/\" \/>\n<meta property=\"og:locale\" content=\"de_DE\" \/>\n<meta property=\"og:type\" content=\"article\" \/>\n<meta property=\"og:title\" content=\"Orte entdecken | Val di Cecina outdoor\" \/>\n<meta property=\"og:description\" content=\"Das Alta Valdicececina ist ein wundersch\u00f6nes und wildes Land und bietet unz\u00e4hlige M\u00f6glichkeiten f\u00fcr Besuche f\u00fcr diejenigen, die einen aktiven Urlaub in der Toskana lieben.\" \/>\n<meta property=\"og:url\" content=\"https:\/\/valdicecinaoutdoor.it\/de\/orte-entdecken\/\" \/>\n<meta property=\"og:site_name\" content=\"Val di Cecina outdoor\" \/>\n<meta property=\"article:publisher\" content=\"https:\/\/m.facebook.com\/valdicecinaoutdoor\/\" \/>\n<meta property=\"article:modified_time\" content=\"2023-02-17T10:52:09+00:00\" \/>\n<meta property=\"og:image\" content=\"https:\/\/valdicecinaoutdoor.it\/wp-content\/uploads\/2020\/12\/cropped-foto-2-1024x614.jpg\" \/>\n<meta name=\"twitter:card\" content=\"summary_large_image\" \/>\n<meta name=\"twitter:title\" content=\"Orte entdecken | Val di Cecina outdoor\" \/>\n<meta name=\"twitter:description\" content=\"Das Alta Valdicececina ist ein wundersch\u00f6nes und wildes Land und bietet unz\u00e4hlige M\u00f6glichkeiten f\u00fcr Besuche f\u00fcr diejenigen, die einen aktiven Urlaub in der Toskana lieben.\" \/>\n<meta name=\"twitter:image\" content=\"https:\/\/valdicecinaoutdoor.it\/wp-content\/uploads\/2020\/12\/cropped-foto-2.jpg\" \/>\n<meta name=\"twitter:label1\" content=\"Est. reading time\" \/>\n\t<meta name=\"twitter:data1\" content=\"2 minutes\" \/>\n<script type=\"application\/ld+json\" class=\"yoast-schema-graph\">{\"@context\":\"https:\/\/schema.org\",\"@graph\":[{\"@type\":\"Organization\",\"@id\":\"https:\/\/valdicecinaoutdoor.it\/en\/#organization\",\"name\":\"Valdicecina Outdoor\",\"url\":\"https:\/\/valdicecinaoutdoor.it\/en\/\",\"sameAs\":[\"https:\/\/m.facebook.com\/valdicecinaoutdoor\/\",\"https:\/\/www.instagram.com\/valdicecina_outdoor\/\"],\"logo\":{\"@type\":\"ImageObject\",\"@id\":\"https:\/\/valdicecinaoutdoor.it\/en\/#logo\",\"inLanguage\":\"de-DE\",\"url\":\"https:\/\/valdicecinaoutdoor.it\/wp-content\/uploads\/2020\/09\/valdicecinaoutdoor-logo-home.png\",\"contentUrl\":\"https:\/\/valdicecinaoutdoor.it\/wp-content\/uploads\/2020\/09\/valdicecinaoutdoor-logo-home.png\",\"width\":252,\"height\":311,\"caption\":\"Valdicecina Outdoor\"},\"image\":{\"@id\":\"https:\/\/valdicecinaoutdoor.it\/en\/#logo\"}},{\"@type\":\"WebSite\",\"@id\":\"https:\/\/valdicecinaoutdoor.it\/en\/#website\",\"url\":\"https:\/\/valdicecinaoutdoor.it\/en\/\",\"name\":\"Val di Cecina outdoor\",\"description\":\"Itinerari unici nella Toscana\",\"publisher\":{\"@id\":\"https:\/\/valdicecinaoutdoor.it\/en\/#organization\"},\"potentialAction\":[{\"@type\":\"SearchAction\",\"target\":{\"@type\":\"EntryPoint\",\"urlTemplate\":\"https:\/\/valdicecinaoutdoor.it\/en\/?s={search_term_string}\"},\"query-input\":\"required name=search_term_string\"}],\"inLanguage\":\"de-DE\"},{\"@type\":\"ImageObject\",\"@id\":\"https:\/\/valdicecinaoutdoor.it\/de\/orte-entdecken\/#primaryimage\",\"inLanguage\":\"de-DE\",\"url\":\"\",\"contentUrl\":\"\"},{\"@type\":\"WebPage\",\"@id\":\"https:\/\/valdicecinaoutdoor.it\/de\/orte-entdecken\/#webpage\",\"url\":\"https:\/\/valdicecinaoutdoor.it\/de\/orte-entdecken\/\",\"name\":\"Orte entdecken | Valdicecina Outdoor\",\"isPartOf\":{\"@id\":\"https:\/\/valdicecinaoutdoor.it\/en\/#website\"},\"primaryImageOfPage\":{\"@id\":\"https:\/\/valdicecinaoutdoor.it\/de\/orte-entdecken\/#primaryimage\"},\"datePublished\":\"2023-02-15T10:53:02+00:00\",\"dateModified\":\"2023-02-17T10:52:09+00:00\",\"description\":\"Das Alta Valdicececina ist ein wundersch\u00f6nes und wildes Land und bietet unz\u00e4hlige M\u00f6glichkeiten f\u00fcr Besuche f\u00fcr diejenigen, die einen aktiven Urlaub in der Toskana lieben.\",\"breadcrumb\":{\"@id\":\"https:\/\/valdicecinaoutdoor.it\/de\/orte-entdecken\/#breadcrumb\"},\"inLanguage\":\"de-DE\",\"potentialAction\":[{\"@type\":\"ReadAction\",\"target\":[\"https:\/\/valdicecinaoutdoor.it\/de\/orte-entdecken\/\"]}]},{\"@type\":\"BreadcrumbList\",\"@id\":\"https:\/\/valdicecinaoutdoor.it\/de\/orte-entdecken\/#breadcrumb\",\"itemListElement\":[{\"@type\":\"ListItem\",\"position\":1,\"name\":\"Home\",\"item\":\"https:\/\/valdicecinaoutdoor.it\/de\/\"},{\"@type\":\"ListItem\",\"position\":2,\"name\":\"Orte entdecken\"}]}]}<\/script>\n<!-- \/ Yoast SEO plugin. -->","yoast_head_json":{"title":"Orte entdecken | Valdicecina Outdoor","description":"Das Alta Valdicececina ist ein wundersch\u00f6nes und wildes Land und bietet unz\u00e4hlige M\u00f6glichkeiten f\u00fcr Besuche f\u00fcr diejenigen, die einen aktiven Urlaub in der Toskana lieben.","robots":{"index":"index","follow":"follow","max-snippet":"max-snippet:-1","max-image-preview":"max-image-preview:large","max-video-preview":"max-video-preview:-1"},"canonical":"https:\/\/valdicecinaoutdoor.it\/de\/orte-entdecken\/","og_locale":"de_DE","og_type":"article","og_title":"Orte entdecken | Val di Cecina outdoor","og_description":"Das Alta Valdicececina ist ein wundersch\u00f6nes und wildes Land und bietet unz\u00e4hlige M\u00f6glichkeiten f\u00fcr Besuche f\u00fcr diejenigen, die einen aktiven Urlaub in der Toskana lieben.","og_url":"https:\/\/valdicecinaoutdoor.it\/de\/orte-entdecken\/","og_site_name":"Val di Cecina outdoor","article_publisher":"https:\/\/m.facebook.com\/valdicecinaoutdoor\/","article_modified_time":"2023-02-17T10:52:09+00:00","og_image":[{"url":"https:\/\/valdicecinaoutdoor.it\/wp-content\/uploads\/2020\/12\/cropped-foto-2-1024x614.jpg"}],"twitter_card":"summary_large_image","twitter_title":"Orte entdecken | Val di Cecina outdoor","twitter_description":"Das Alta Valdicececina ist ein wundersch\u00f6nes und wildes Land und bietet unz\u00e4hlige M\u00f6glichkeiten f\u00fcr Besuche f\u00fcr diejenigen, die einen aktiven Urlaub in der Toskana lieben.","twitter_image":"https:\/\/valdicecinaoutdoor.it\/wp-content\/uploads\/2020\/12\/cropped-foto-2.jpg","twitter_misc":{"Est. reading time":"2 minutes"},"schema":{"@context":"https:\/\/schema.org","@graph":[{"@type":"Organization","@id":"https:\/\/valdicecinaoutdoor.it\/en\/#organization","name":"Valdicecina Outdoor","url":"https:\/\/valdicecinaoutdoor.it\/en\/","sameAs":["https:\/\/m.facebook.com\/valdicecinaoutdoor\/","https:\/\/www.instagram.com\/valdicecina_outdoor\/"],"logo":{"@type":"ImageObject","@id":"https:\/\/valdicecinaoutdoor.it\/en\/#logo","inLanguage":"de-DE","url":"https:\/\/valdicecinaoutdoor.it\/wp-content\/uploads\/2020\/09\/valdicecinaoutdoor-logo-home.png","contentUrl":"https:\/\/valdicecinaoutdoor.it\/wp-content\/uploads\/2020\/09\/valdicecinaoutdoor-logo-home.png","width":252,"height":311,"caption":"Valdicecina Outdoor"},"image":{"@id":"https:\/\/valdicecinaoutdoor.it\/en\/#logo"}},{"@type":"WebSite","@id":"https:\/\/valdicecinaoutdoor.it\/en\/#website","url":"https:\/\/valdicecinaoutdoor.it\/en\/","name":"Val di Cecina outdoor","description":"Itinerari unici nella Toscana","publisher":{"@id":"https:\/\/valdicecinaoutdoor.it\/en\/#organization"},"potentialAction":[{"@type":"SearchAction","target":{"@type":"EntryPoint","urlTemplate":"https:\/\/valdicecinaoutdoor.it\/en\/?s={search_term_string}"},"query-input":"required name=search_term_string"}],"inLanguage":"de-DE"},{"@type":"ImageObject","@id":"https:\/\/valdicecinaoutdoor.it\/de\/orte-entdecken\/#primaryimage","inLanguage":"de-DE","url":"","contentUrl":""},{"@type":"WebPage","@id":"https:\/\/valdicecinaoutdoor.it\/de\/orte-entdecken\/#webpage","url":"https:\/\/valdicecinaoutdoor.it\/de\/orte-entdecken\/","name":"Orte entdecken | Valdicecina Outdoor","isPartOf":{"@id":"https:\/\/valdicecinaoutdoor.it\/en\/#website"},"primaryImageOfPage":{"@id":"https:\/\/valdicecinaoutdoor.it\/de\/orte-entdecken\/#primaryimage"},"datePublished":"2023-02-15T10:53:02+00:00","dateModified":"2023-02-17T10:52:09+00:00","description":"Das Alta Valdicececina ist ein wundersch\u00f6nes und wildes Land und bietet unz\u00e4hlige M\u00f6glichkeiten f\u00fcr Besuche f\u00fcr diejenigen, die einen aktiven Urlaub in der Toskana lieben.","breadcrumb":{"@id":"https:\/\/valdicecinaoutdoor.it\/de\/orte-entdecken\/#breadcrumb"},"inLanguage":"de-DE","potentialAction":[{"@type":"ReadAction","target":["https:\/\/valdicecinaoutdoor.it\/de\/orte-entdecken\/"]}]},{"@type":"BreadcrumbList","@id":"https:\/\/valdicecinaoutdoor.it\/de\/orte-entdecken\/#breadcrumb","itemListElement":[{"@type":"ListItem","position":1,"name":"Home","item":"https:\/\/valdicecinaoutdoor.it\/de\/"},{"@type":"ListItem","position":2,"name":"Orte entdecken"}]}]}},"menu_color":"","menu_icon":"","acf":[],"wpml_current_locale":"de_DE","wpml_translations":[{"locale":"en_US","id":7721,"post_title":"Discover the places","href":"https:\/\/valdicecinaoutdoor.it\/en\/discover-the-places\/"},{"locale":"it_IT","id":2671,"post_title":"Scopri i luoghi","href":"https:\/\/valdicecinaoutdoor.it\/scopri-i-luoghi\/"}],"_links":{"self":[{"href":"https:\/\/valdicecinaoutdoor.it\/de\/wp-json\/wp\/v2\/pages\/14993"}],"collection":[{"href":"https:\/\/valdicecinaoutdoor.it\/de\/wp-json\/wp\/v2\/pages"}],"about":[{"href":"https:\/\/valdicecinaoutdoor.it\/de\/wp-json\/wp\/v2\/types\/page"}],"author":[{"embeddable":true,"href":"https:\/\/valdicecinaoutdoor.it\/de\/wp-json\/wp\/v2\/users\/3"}],"replies":[{"embeddable":true,"href":"https:\/\/valdicecinaoutdoor.it\/de\/wp-json\/wp\/v2\/comments?post=14993"}],"version-history":[{"count":4,"href":"https:\/\/valdicecinaoutdoor.it\/de\/wp-json\/wp\/v2\/pages\/14993\/revisions"}],"predecessor-version":[{"id":15239,"href":"https:\/\/valdicecinaoutdoor.it\/de\/wp-json\/wp\/v2\/pages\/14993\/revisions\/15239"}],"wp:featuredmedia":[{"embeddable":true,"href":"https:\/\/valdicecinaoutdoor.it\/de\/wp-json\/wp\/v2\/media\/13554"}],"wp:attachment":[{"href":"https:\/\/valdicecinaoutdoor.it\/de\/wp-json\/wp\/v2\/media?parent=14993"}],"curies":[{"name":"wp","href":"https:\/\/api.w.org\/{rel}","templated":true}]}}